{"id":747,"date":"2019-08-15T15:13:18","date_gmt":"2019-08-15T13:13:18","guid":{"rendered":"http:\/\/trashou.com\/?page_id=747"},"modified":"2019-10-07T13:52:51","modified_gmt":"2019-10-07T11:52:51","slug":"formations","status":"publish","type":"page","link":"https:\/\/trashou.com\/index.php\/prestations\/formations\/","title":{"rendered":"Prestations : Formations"},"content":{"rendered":"<div id=\"pl-gb747-69e75d717f362\"  class=\"panel-layout\" ><div id=\"pg-gb747-69e75d717f362-0\"  class=\"panel-grid panel-no-style\" ><div id=\"pgc-gb747-69e75d717f362-0-0\"  class=\"panel-grid-cell\" ><div id=\"panel-gb747-69e75d717f362-0-0-0\" class=\"so-panel widget widget_media_image panel-first-child panel-last-child\" data-index=\"0\" ><img loading=\"lazy\" decoding=\"async\" width=\"1920\" height=\"700\" src=\"https:\/\/trashou.com\/wp-content\/uploads\/2019\/09\/speed-light-1920x700.jpg\" class=\"image wp-image-1048  attachment-full size-full\" alt=\"\" style=\"max-width: 100%; height: auto;\" srcset=\"https:\/\/trashou.com\/wp-content\/uploads\/2019\/09\/speed-light-1920x700.jpg 1920w, https:\/\/trashou.com\/wp-content\/uploads\/2019\/09\/speed-light-1920x700-300x109.jpg 300w, https:\/\/trashou.com\/wp-content\/uploads\/2019\/09\/speed-light-1920x700-768x280.jpg 768w, https:\/\/trashou.com\/wp-content\/uploads\/2019\/09\/speed-light-1920x700-1024x373.jpg 1024w\" sizes=\"auto, (max-width: 1920px) 100vw, 1920px\" \/><\/div><\/div><\/div><div id=\"pg-gb747-69e75d717f362-1\"  class=\"panel-grid panel-no-style\" ><div id=\"pgc-gb747-69e75d717f362-1-0\"  class=\"panel-grid-cell\" ><div id=\"panel-gb747-69e75d717f362-1-0-0\" class=\"so-panel widget widget_siteorigin-panels-builder panel-first-child panel-last-child\" data-index=\"1\" ><div id=\"pl-w5d9b23bdcc45f\"  class=\"panel-layout\" ><div id=\"pg-w5d9b23bdcc45f-0\"  class=\"panel-grid panel-no-style\" ><div id=\"pgc-w5d9b23bdcc45f-0-0\"  class=\"panel-grid-cell\" ><div id=\"panel-w5d9b23bdcc45f-0-0-0\" class=\"so-panel widget widget_text panel-first-child panel-last-child\" data-index=\"0\" >\t\t\t<div class=\"textwidget\"><p>Qu&rsquo;on les appellent <strong>formations<\/strong>, <strong>supports<\/strong>, <strong>soutiens<\/strong> ou autres, nous avons toujours besoin d&rsquo;\u00e9tendre nos connaissances.<\/p>\n<p>De part mon exp\u00e9rience personnelle, o\u00f9 lorsque je suis en famille on me dit\u00a0: \u00ab\u00a0tiens, tu t&rsquo;y connais en informatique. Tu peux m&rsquo;aider sur \u00e7a ?\u00a0\u00bb, il m&rsquo;est venu \u00e0 l&rsquo;id\u00e9e de mettre mes connaissances <strong>au services de ceux qui peuvent en avoir besoin<\/strong>.<\/p>\n<p>Que vous soyez un <strong>Senior<\/strong> qui a besoin d&rsquo;aide pour configurer son <strong>ordinateur<\/strong>, sa <strong>tablette<\/strong> ou son <strong>smartphone<\/strong>\u00a0; un <strong>\u00e9tudiant<\/strong> qui souhaite d\u00e9velopper ses connaissances en <strong>informatique<\/strong>\u00a0; un <strong>p\u00e8re de famille<\/strong> qui peine \u00e0 configurer son imprimante&#8230; Je peux vous aider !<\/p>\n<\/div>\n\t\t<\/div><\/div><\/div><div id=\"pg-w5d9b23bdcc45f-1\"  class=\"panel-grid panel-no-style\" ><div id=\"pgc-w5d9b23bdcc45f-1-0\"  class=\"panel-grid-cell\" ><div id=\"panel-w5d9b23bdcc45f-1-0-0\" class=\"so-panel widget widget_text panel-first-child panel-last-child\" data-index=\"1\" ><div class=\"flash_inherit_color panel-widget-style panel-widget-style-for-w5d9b23bdcc45f-1-0-0\" >\t\t\t<div class=\"textwidget\"><p><strong style=\"font-size: 18px; color: #004a98 !important;\">Forfait horaire<\/strong><\/p>\n<p>Voici quelques exemples de forfait que je vous propose :<\/p>\n<ul>\n<li>Support informatique<sup>++<\/sup>\u00a0: <span class=\"text-vert\"><strong>70 \u20ac HT\/h<\/strong>*<sup>+<\/sup><\/span><\/li>\n<li>Configuration d&rsquo;un smartphone\/tablette\u00a0: <span class=\"text-vert\"><strong>120 \u20ac HT (2h)<\/strong>*<sup>+<\/sup><\/span><\/li>\n<li>Initiation \u00e0 Internet\u00a0: <strong>140 \u20ac HT (2h)<\/strong>*<sup>+<\/sup><\/li>\n<\/ul>\n<\/div>\n\t\t<\/div><\/div><\/div><\/div><div id=\"pg-w5d9b23bdcc45f-2\"  class=\"panel-grid panel-no-style\" ><div id=\"pgc-w5d9b23bdcc45f-2-0\"  class=\"panel-grid-cell\" ><div id=\"panel-w5d9b23bdcc45f-2-0-0\" class=\"so-panel widget widget_text panel-first-child panel-last-child\" data-index=\"2\" >\t\t\t<div class=\"textwidget\"><p>D&rsquo;autres modes d&rsquo;intervention peuvent \u00eatre envisag\u00e9s : de l&rsquo;<strong>intervention journali\u00e8re<\/strong> \u00e0 la <strong>mensuelle<\/strong>, sans compter les <strong>interventions ponctuelles<\/strong>&#8230;<\/p>\n<\/div>\n\t\t<\/div><\/div><\/div><div id=\"pg-w5d9b23bdcc45f-3\"  class=\"panel-grid panel-no-style\" ><div id=\"pgc-w5d9b23bdcc45f-3-0\"  class=\"panel-grid-cell\" ><div id=\"panel-w5d9b23bdcc45f-3-0-0\" class=\"so-panel widget widget_themegrill_flash_cta tg-widget call-to-action-section panel-first-child panel-last-child\" data-index=\"3\" ><div class=\"flash_inherit_color panel-widget-style panel-widget-style-for-w5d9b23bdcc45f-3-0-0\" ><div class=\"cta-wrapper call-to-action-section-layout-2\">\n\t<div class=\"section-title-wrapper\">\n\t\t\t\t<h3 class=\"section-title\">Vous souhaitez en savoir plus ?<\/h3>\n\t\t\t<\/div>\n\t\t<div class=\"btn-wrapper\">\n\t\t\t\t<a class=\"btn\" href=\"https:\/\/trashou.com\/index.php\/contact\/\">Contactez-moi<\/a>\n\t\t\t\t\t<\/div>\n\t<\/div>\n<\/div><\/div><\/div><\/div><div id=\"pg-w5d9b23bdcc45f-4\"  class=\"panel-grid panel-no-style\" ><div id=\"pgc-w5d9b23bdcc45f-4-0\"  class=\"panel-grid-cell\" ><div id=\"panel-w5d9b23bdcc45f-4-0-0\" class=\"so-panel widget widget_text panel-first-child panel-last-child\" data-index=\"4\" >\t\t\t<div class=\"textwidget\"><p><sup>+ <\/sup>Hors frais de d\u00e9placement<br \/>\n<sup>++<\/sup> Support informatique\u00a0: configuration d&rsquo;une bo\u00eete email\u00a0; configuration d&rsquo;une connection Internet\u00a0; soutien pour configurer une box, une imprimante ou autre\u00a0; conseil d&rsquo;achat de machine (ordinateur de bureau ou portable, tablette, imprimante&#8230;)\u00a0; atelier \u00ab\u00a0trucs et astuces\u00a0\u00bb pour connaitre les raccourcis claviers&#8230;<\/p>\n<\/div>\n\t\t<\/div><\/div><\/div><\/div><\/div><\/div><\/div><\/div>","protected":false},"excerpt":{"rendered":"","protected":false},"author":2,"featured_media":0,"parent":705,"menu_order":0,"comment_status":"closed","ping_status":"closed","template":"","meta":{"footnotes":""},"class_list":["post-747","page","type-page","status-publish","hentry"],"yoast_head":"<!-- This site is optimized with the Yoast SEO plugin v27.4 - https:\/\/yoast.com\/product\/yoast-seo-wordpress\/ -->\n<title>Prestations : Formations - Trashou.com<\/title>\n<meta name=\"robots\" content=\"index, follow, max-snippet:-1, max-image-preview:large, max-video-preview:-1\" \/>\n<link rel=\"canonical\" href=\"https:\/\/trashou.com\/index.php\/prestations\/formations\/\" \/>\n<meta property=\"og:locale\" content=\"fr_FR\" \/>\n<meta property=\"og:type\" content=\"article\" \/>\n<meta property=\"og:title\" content=\"Prestations : Formations - Trashou.com\" \/>\n<meta property=\"og:url\" content=\"https:\/\/trashou.com\/index.php\/prestations\/formations\/\" \/>\n<meta property=\"og:site_name\" content=\"Trashou.com\" \/>\n<meta property=\"article:publisher\" content=\"https:\/\/www.facebook.com\/Trashoucom\" \/>\n<meta property=\"article:modified_time\" content=\"2019-10-07T11:52:51+00:00\" \/>\n<meta name=\"twitter:card\" content=\"summary_large_image\" \/>\n<script type=\"application\/ld+json\" class=\"yoast-schema-graph\">{\"@context\":\"https:\\\/\\\/schema.org\",\"@graph\":[{\"@type\":\"WebPage\",\"@id\":\"https:\\\/\\\/trashou.com\\\/index.php\\\/prestations\\\/formations\\\/\",\"url\":\"https:\\\/\\\/trashou.com\\\/index.php\\\/prestations\\\/formations\\\/\",\"name\":\"Prestations : Formations - Trashou.com\",\"isPartOf\":{\"@id\":\"https:\\\/\\\/trashou.com\\\/#website\"},\"datePublished\":\"2019-08-15T13:13:18+00:00\",\"dateModified\":\"2019-10-07T11:52:51+00:00\",\"breadcrumb\":{\"@id\":\"https:\\\/\\\/trashou.com\\\/index.php\\\/prestations\\\/formations\\\/#breadcrumb\"},\"inLanguage\":\"fr-FR\",\"potentialAction\":[{\"@type\":\"ReadAction\",\"target\":[\"https:\\\/\\\/trashou.com\\\/index.php\\\/prestations\\\/formations\\\/\"]}]},{\"@type\":\"BreadcrumbList\",\"@id\":\"https:\\\/\\\/trashou.com\\\/index.php\\\/prestations\\\/formations\\\/#breadcrumb\",\"itemListElement\":[{\"@type\":\"ListItem\",\"position\":1,\"name\":\"Accueil\",\"item\":\"https:\\\/\\\/trashou.com\\\/\"},{\"@type\":\"ListItem\",\"position\":2,\"name\":\"Prestations\",\"item\":\"https:\\\/\\\/trashou.com\\\/index.php\\\/prestations\\\/\"},{\"@type\":\"ListItem\",\"position\":3,\"name\":\"Prestations : Formations\"}]},{\"@type\":\"WebSite\",\"@id\":\"https:\\\/\\\/trashou.com\\\/#website\",\"url\":\"https:\\\/\\\/trashou.com\\\/\",\"name\":\"Trashou.com\",\"description\":\"Mettez au panier vos anciennes id\u00e9es sur internet !\",\"publisher\":{\"@id\":\"https:\\\/\\\/trashou.com\\\/#organization\"},\"potentialAction\":[{\"@type\":\"SearchAction\",\"target\":{\"@type\":\"EntryPoint\",\"urlTemplate\":\"https:\\\/\\\/trashou.com\\\/?s={search_term_string}\"},\"query-input\":{\"@type\":\"PropertyValueSpecification\",\"valueRequired\":true,\"valueName\":\"search_term_string\"}}],\"inLanguage\":\"fr-FR\"},{\"@type\":\"Organization\",\"@id\":\"https:\\\/\\\/trashou.com\\\/#organization\",\"name\":\"Trashou.com\",\"url\":\"https:\\\/\\\/trashou.com\\\/\",\"logo\":{\"@type\":\"ImageObject\",\"inLanguage\":\"fr-FR\",\"@id\":\"https:\\\/\\\/trashou.com\\\/#\\\/schema\\\/logo\\\/image\\\/\",\"url\":\"https:\\\/\\\/trashou.com\\\/wp-content\\\/uploads\\\/2019\\\/11\\\/Logo_trashou.png\",\"contentUrl\":\"https:\\\/\\\/trashou.com\\\/wp-content\\\/uploads\\\/2019\\\/11\\\/Logo_trashou.png\",\"width\":150,\"height\":26,\"caption\":\"Trashou.com\"},\"image\":{\"@id\":\"https:\\\/\\\/trashou.com\\\/#\\\/schema\\\/logo\\\/image\\\/\"},\"sameAs\":[\"https:\\\/\\\/www.facebook.com\\\/Trashoucom\",\"https:\\\/\\\/www.linkedin.com\\\/company\\\/trashou.com\\\/\"]}]}<\/script>\n<!-- \/ Yoast SEO plugin. -->","yoast_head_json":{"title":"Prestations : Formations - Trashou.com","robots":{"index":"index","follow":"follow","max-snippet":"max-snippet:-1","max-image-preview":"max-image-preview:large","max-video-preview":"max-video-preview:-1"},"canonical":"https:\/\/trashou.com\/index.php\/prestations\/formations\/","og_locale":"fr_FR","og_type":"article","og_title":"Prestations : Formations - Trashou.com","og_url":"https:\/\/trashou.com\/index.php\/prestations\/formations\/","og_site_name":"Trashou.com","article_publisher":"https:\/\/www.facebook.com\/Trashoucom","article_modified_time":"2019-10-07T11:52:51+00:00","twitter_card":"summary_large_image","schema":{"@context":"https:\/\/schema.org","@graph":[{"@type":"WebPage","@id":"https:\/\/trashou.com\/index.php\/prestations\/formations\/","url":"https:\/\/trashou.com\/index.php\/prestations\/formations\/","name":"Prestations : Formations - Trashou.com","isPartOf":{"@id":"https:\/\/trashou.com\/#website"},"datePublished":"2019-08-15T13:13:18+00:00","dateModified":"2019-10-07T11:52:51+00:00","breadcrumb":{"@id":"https:\/\/trashou.com\/index.php\/prestations\/formations\/#breadcrumb"},"inLanguage":"fr-FR","potentialAction":[{"@type":"ReadAction","target":["https:\/\/trashou.com\/index.php\/prestations\/formations\/"]}]},{"@type":"BreadcrumbList","@id":"https:\/\/trashou.com\/index.php\/prestations\/formations\/#breadcrumb","itemListElement":[{"@type":"ListItem","position":1,"name":"Accueil","item":"https:\/\/trashou.com\/"},{"@type":"ListItem","position":2,"name":"Prestations","item":"https:\/\/trashou.com\/index.php\/prestations\/"},{"@type":"ListItem","position":3,"name":"Prestations : Formations"}]},{"@type":"WebSite","@id":"https:\/\/trashou.com\/#website","url":"https:\/\/trashou.com\/","name":"Trashou.com","description":"Mettez au panier vos anciennes id\u00e9es sur internet !","publisher":{"@id":"https:\/\/trashou.com\/#organization"},"potentialAction":[{"@type":"SearchAction","target":{"@type":"EntryPoint","urlTemplate":"https:\/\/trashou.com\/?s={search_term_string}"},"query-input":{"@type":"PropertyValueSpecification","valueRequired":true,"valueName":"search_term_string"}}],"inLanguage":"fr-FR"},{"@type":"Organization","@id":"https:\/\/trashou.com\/#organization","name":"Trashou.com","url":"https:\/\/trashou.com\/","logo":{"@type":"ImageObject","inLanguage":"fr-FR","@id":"https:\/\/trashou.com\/#\/schema\/logo\/image\/","url":"https:\/\/trashou.com\/wp-content\/uploads\/2019\/11\/Logo_trashou.png","contentUrl":"https:\/\/trashou.com\/wp-content\/uploads\/2019\/11\/Logo_trashou.png","width":150,"height":26,"caption":"Trashou.com"},"image":{"@id":"https:\/\/trashou.com\/#\/schema\/logo\/image\/"},"sameAs":["https:\/\/www.facebook.com\/Trashoucom","https:\/\/www.linkedin.com\/company\/trashou.com\/"]}]}},"_links":{"self":[{"href":"https:\/\/trashou.com\/index.php\/wp-json\/wp\/v2\/pages\/747","targetHints":{"allow":["GET"]}}],"collection":[{"href":"https:\/\/trashou.com\/index.php\/wp-json\/wp\/v2\/pages"}],"about":[{"href":"https:\/\/trashou.com\/index.php\/wp-json\/wp\/v2\/types\/page"}],"author":[{"embeddable":true,"href":"https:\/\/trashou.com\/index.php\/wp-json\/wp\/v2\/users\/2"}],"replies":[{"embeddable":true,"href":"https:\/\/trashou.com\/index.php\/wp-json\/wp\/v2\/comments?post=747"}],"version-history":[{"count":14,"href":"https:\/\/trashou.com\/index.php\/wp-json\/wp\/v2\/pages\/747\/revisions"}],"predecessor-version":[{"id":1384,"href":"https:\/\/trashou.com\/index.php\/wp-json\/wp\/v2\/pages\/747\/revisions\/1384"}],"up":[{"embeddable":true,"href":"https:\/\/trashou.com\/index.php\/wp-json\/wp\/v2\/pages\/705"}],"wp:attachment":[{"href":"https:\/\/trashou.com\/index.php\/wp-json\/wp\/v2\/media?parent=747"}],"curies":[{"name":"wp","href":"https:\/\/api.w.org\/{rel}","templated":true}]}}