{"id":739,"date":"2019-08-15T14:40:54","date_gmt":"2019-08-15T12:40:54","guid":{"rendered":"http:\/\/trashou.com\/?page_id=739"},"modified":"2019-09-26T14:26:04","modified_gmt":"2019-09-26T12:26:04","slug":"gestion-communautes","status":"publish","type":"page","link":"https:\/\/trashou.com\/index.php\/prestations\/gestion-communautes\/","title":{"rendered":"Prestations : Gestion de communaut\u00e9s"},"content":{"rendered":"<div id=\"pl-gb739-69e75d8c65eca\"  class=\"panel-layout\" ><div id=\"pg-gb739-69e75d8c65eca-0\"  class=\"panel-grid panel-no-style\" ><div id=\"pgc-gb739-69e75d8c65eca-0-0\"  class=\"panel-grid-cell\" ><div id=\"panel-gb739-69e75d8c65eca-0-0-0\" class=\"so-panel widget widget_media_image panel-first-child panel-last-child\" data-index=\"0\" ><img loading=\"lazy\" decoding=\"async\" width=\"1920\" height=\"700\" src=\"https:\/\/trashou.com\/wp-content\/uploads\/2019\/09\/speed-light-1920x700.jpg\" class=\"image wp-image-1048  attachment-full size-full\" alt=\"\" style=\"max-width: 100%; height: auto;\" srcset=\"https:\/\/trashou.com\/wp-content\/uploads\/2019\/09\/speed-light-1920x700.jpg 1920w, https:\/\/trashou.com\/wp-content\/uploads\/2019\/09\/speed-light-1920x700-300x109.jpg 300w, https:\/\/trashou.com\/wp-content\/uploads\/2019\/09\/speed-light-1920x700-768x280.jpg 768w, https:\/\/trashou.com\/wp-content\/uploads\/2019\/09\/speed-light-1920x700-1024x373.jpg 1024w\" sizes=\"auto, (max-width: 1920px) 100vw, 1920px\" \/><\/div><\/div><\/div><div id=\"pg-gb739-69e75d8c65eca-1\"  class=\"panel-grid panel-no-style\" ><div id=\"pgc-gb739-69e75d8c65eca-1-0\"  class=\"panel-grid-cell\" ><div id=\"panel-gb739-69e75d8c65eca-1-0-0\" class=\"so-panel widget widget_siteorigin-panels-builder panel-first-child panel-last-child\" data-index=\"1\" ><div id=\"pl-w5d8b18261e169\"  class=\"panel-layout\" ><div id=\"pg-w5d8b18261e169-0\"  class=\"panel-grid panel-no-style\" ><div id=\"pgc-w5d8b18261e169-0-0\"  class=\"panel-grid-cell\" ><div id=\"panel-w5d8b18261e169-0-0-0\" class=\"so-panel widget widget_text panel-first-child panel-last-child\" data-index=\"0\" >\t\t\t<div class=\"textwidget\"><p><span class=\"text-noir\">Le web \u00e9volue vite ! Et pour <strong>se faire connaitre<\/strong> ou <strong>\u00e9largir son public<\/strong>, il devient n\u00e9cessaire de se <strong>cr\u00e9er une communaut\u00e9<\/strong>. Les <strong>r\u00e9seaux sociaux<\/strong> n&rsquo;ont fait que mettre en avant ce qui se faisait d\u00e9j\u00e0 sur les <strong>forums<\/strong> ou les <strong>newsgroups<\/strong>. C&rsquo;est simplement beaucoup plus r\u00e9actif aujourd&rsquo;hui.<\/span><\/p>\n<p>Je pourrai vous aider \u00e0 <strong>cr\u00e9er<\/strong> et\/ou \u00e0 <strong>d\u00e9velopper<\/strong> vos diff\u00e9rentes <strong>communaut\u00e9s<\/strong> sur les principaux <strong>r\u00e9seaux sociaux<\/strong> (Facebook, Tweeter, YouTube&#8230;) \u00e0 diff\u00e9rents niveaux :<\/p>\n<ul>\n<li><strong>Conseils<\/strong> sur la fa\u00e7on d&rsquo;aborder ce nouveau mode de communication<\/li>\n<li><strong>Accompagnement<\/strong> dans la mise en place<\/li>\n<li><strong>Support<\/strong> dans la dur\u00e9e pour fid\u00e9liser vos communaut\u00e9s<\/li>\n<\/ul>\n<p><span class=\"text-noir\">\u00a0<\/span><\/p>\n<\/div>\n\t\t<\/div><\/div><\/div><div id=\"pg-w5d8b18261e169-1\"  class=\"panel-grid panel-no-style\" ><div id=\"pgc-w5d8b18261e169-1-0\"  class=\"panel-grid-cell\" ><div id=\"panel-w5d8b18261e169-1-0-0\" class=\"so-panel widget widget_text panel-first-child panel-last-child\" data-index=\"1\" ><div class=\"flash_inherit_color panel-widget-style panel-widget-style-for-w5d8b18261e169-1-0-0\" >\t\t\t<div class=\"textwidget\"><p><strong style=\"font-size: 18px;color: #004a98 !important;\">Exemple 1 : Adr\u00e9naline<\/strong><\/p>\n<p><span class=\"text-noir\"><strong>Activit\u00e9 :<\/strong> magasin de sport ayant un site de vente en ligne<br \/>\n<strong>Url :<\/strong> <a href=\"http:\/\/www.adrenalinesport.fr\" target=\"_blank\" rel=\"noopener\">www.adrenalinesport.fr<\/a><\/span><\/p>\n<p><strong>D\u00e9but de la communaut\u00e9 :<\/strong> septembre 2005<br \/>\n<strong>Type de support :<\/strong> E-mailing, page Facebook, utilisateur Facebook<\/p>\n<p>Quelques chiffres : (en 2016)<br \/>\n&#8211; <strong>plus de 3500<\/strong> inscrits dans la base d&#8217;emails<br \/>\n&#8211; <strong>111 fans<\/strong><br \/>\n&#8211; <strong>plus de 650 <\/strong>amis<strong><br \/>\n<\/strong><\/p>\n<\/div>\n\t\t<\/div><\/div><\/div><\/div><div id=\"pg-w5d8b18261e169-2\"  class=\"panel-grid panel-no-style\" ><div id=\"pgc-w5d8b18261e169-2-0\"  class=\"panel-grid-cell\" ><div id=\"panel-w5d8b18261e169-2-0-0\" class=\"so-panel widget widget_text panel-first-child panel-last-child\" data-index=\"2\" ><div class=\"flash_inherit_color panel-widget-style panel-widget-style-for-w5d8b18261e169-2-0-0\" >\t\t\t<div class=\"textwidget\"><p><strong style=\"font-size: 18px;color: #004a98 !important;\">Exemple 2 : Restaurant d&rsquo;altitude<\/strong><\/p>\n<p><span class=\"text-noir\"><strong>Activit\u00e9 :<\/strong> guide communautaire qui teste les restaurants d&rsquo;altitude des stations de sports d&rsquo;hiver fran\u00e7aises<br \/>\n<strong>Url :<\/strong> <a href=\"http:\/\/www.restaurant-altitude.com\" target=\"_blank\" rel=\"noopener\">www.restaurant-altitude.com<\/a><\/span><\/p>\n<p><strong>D\u00e9but de la communaut\u00e9 :<\/strong> septembre 2010<br \/>\n<strong>Type de support :<\/strong> E-mailing, <a href=\"http:\/\/www.facebook.com\/restaurant.altitude\" target=\"_blank\" rel=\"noopener\">page Facebook<\/a>, <a href=\"http:\/\/twitter.com\/#!\/Restau_altitude\" target=\"_blank\" rel=\"noopener\">Tweeter<\/a><\/p>\n<p>Quelques chiffres : (Ao\u00fbt 2019)<br \/>\n&#8211;<strong> 275 inscrits<\/strong> dans la base d&#8217;emails<strong><br \/>\n&#8211; 218 fans<br \/>\n&#8211; 391 followers<\/strong><\/p>\n<\/div>\n\t\t<\/div><\/div><\/div><\/div><div id=\"pg-w5d8b18261e169-3\"  class=\"panel-grid panel-no-style\" ><div id=\"pgc-w5d8b18261e169-3-0\"  class=\"panel-grid-cell\" ><div id=\"panel-w5d8b18261e169-3-0-0\" class=\"so-panel widget widget_themegrill_flash_cta tg-widget call-to-action-section panel-first-child panel-last-child\" data-index=\"3\" ><div class=\"flash_inherit_color panel-widget-style panel-widget-style-for-w5d8b18261e169-3-0-0\" ><div class=\"cta-wrapper call-to-action-section-layout-2\">\n\t<div class=\"section-title-wrapper\">\n\t\t\t\t<h3 class=\"section-title\">Vous souhaitez en savoir plus ?<\/h3>\n\t\t\t<\/div>\n\t\t<div class=\"btn-wrapper\">\n\t\t\t\t<a class=\"btn\" href=\"https:\/\/trashou.com\/index.php\/contact\/\">Contactez-moi<\/a>\n\t\t\t\t\t<\/div>\n\t<\/div>\n<\/div><\/div><\/div><\/div><\/div><\/div><\/div><\/div><\/div>","protected":false},"excerpt":{"rendered":"","protected":false},"author":2,"featured_media":0,"parent":705,"menu_order":0,"comment_status":"closed","ping_status":"closed","template":"","meta":{"footnotes":""},"class_list":["post-739","page","type-page","status-publish","hentry"],"yoast_head":"<!-- This site is optimized with the Yoast SEO plugin v27.4 - https:\/\/yoast.com\/product\/yoast-seo-wordpress\/ -->\n<title>Prestations : Gestion de communaut\u00e9s - Trashou.com<\/title>\n<meta name=\"robots\" content=\"index, follow, max-snippet:-1, max-image-preview:large, max-video-preview:-1\" \/>\n<link rel=\"canonical\" href=\"https:\/\/trashou.com\/index.php\/prestations\/gestion-communautes\/\" \/>\n<meta property=\"og:locale\" content=\"fr_FR\" \/>\n<meta property=\"og:type\" content=\"article\" \/>\n<meta property=\"og:title\" content=\"Prestations : Gestion de communaut\u00e9s - Trashou.com\" \/>\n<meta property=\"og:url\" content=\"https:\/\/trashou.com\/index.php\/prestations\/gestion-communautes\/\" \/>\n<meta property=\"og:site_name\" content=\"Trashou.com\" \/>\n<meta property=\"article:publisher\" content=\"https:\/\/www.facebook.com\/Trashoucom\" \/>\n<meta property=\"article:modified_time\" content=\"2019-09-26T12:26:04+00:00\" \/>\n<meta name=\"twitter:card\" content=\"summary_large_image\" \/>\n<script type=\"application\/ld+json\" class=\"yoast-schema-graph\">{\"@context\":\"https:\\\/\\\/schema.org\",\"@graph\":[{\"@type\":\"WebPage\",\"@id\":\"https:\\\/\\\/trashou.com\\\/index.php\\\/prestations\\\/gestion-communautes\\\/\",\"url\":\"https:\\\/\\\/trashou.com\\\/index.php\\\/prestations\\\/gestion-communautes\\\/\",\"name\":\"Prestations : Gestion de communaut\u00e9s - Trashou.com\",\"isPartOf\":{\"@id\":\"https:\\\/\\\/trashou.com\\\/#website\"},\"datePublished\":\"2019-08-15T12:40:54+00:00\",\"dateModified\":\"2019-09-26T12:26:04+00:00\",\"breadcrumb\":{\"@id\":\"https:\\\/\\\/trashou.com\\\/index.php\\\/prestations\\\/gestion-communautes\\\/#breadcrumb\"},\"inLanguage\":\"fr-FR\",\"potentialAction\":[{\"@type\":\"ReadAction\",\"target\":[\"https:\\\/\\\/trashou.com\\\/index.php\\\/prestations\\\/gestion-communautes\\\/\"]}]},{\"@type\":\"BreadcrumbList\",\"@id\":\"https:\\\/\\\/trashou.com\\\/index.php\\\/prestations\\\/gestion-communautes\\\/#breadcrumb\",\"itemListElement\":[{\"@type\":\"ListItem\",\"position\":1,\"name\":\"Accueil\",\"item\":\"https:\\\/\\\/trashou.com\\\/\"},{\"@type\":\"ListItem\",\"position\":2,\"name\":\"Prestations\",\"item\":\"https:\\\/\\\/trashou.com\\\/index.php\\\/prestations\\\/\"},{\"@type\":\"ListItem\",\"position\":3,\"name\":\"Prestations : Gestion de communaut\u00e9s\"}]},{\"@type\":\"WebSite\",\"@id\":\"https:\\\/\\\/trashou.com\\\/#website\",\"url\":\"https:\\\/\\\/trashou.com\\\/\",\"name\":\"Trashou.com\",\"description\":\"Mettez au panier vos anciennes id\u00e9es sur internet !\",\"publisher\":{\"@id\":\"https:\\\/\\\/trashou.com\\\/#organization\"},\"potentialAction\":[{\"@type\":\"SearchAction\",\"target\":{\"@type\":\"EntryPoint\",\"urlTemplate\":\"https:\\\/\\\/trashou.com\\\/?s={search_term_string}\"},\"query-input\":{\"@type\":\"PropertyValueSpecification\",\"valueRequired\":true,\"valueName\":\"search_term_string\"}}],\"inLanguage\":\"fr-FR\"},{\"@type\":\"Organization\",\"@id\":\"https:\\\/\\\/trashou.com\\\/#organization\",\"name\":\"Trashou.com\",\"url\":\"https:\\\/\\\/trashou.com\\\/\",\"logo\":{\"@type\":\"ImageObject\",\"inLanguage\":\"fr-FR\",\"@id\":\"https:\\\/\\\/trashou.com\\\/#\\\/schema\\\/logo\\\/image\\\/\",\"url\":\"https:\\\/\\\/trashou.com\\\/wp-content\\\/uploads\\\/2019\\\/11\\\/Logo_trashou.png\",\"contentUrl\":\"https:\\\/\\\/trashou.com\\\/wp-content\\\/uploads\\\/2019\\\/11\\\/Logo_trashou.png\",\"width\":150,\"height\":26,\"caption\":\"Trashou.com\"},\"image\":{\"@id\":\"https:\\\/\\\/trashou.com\\\/#\\\/schema\\\/logo\\\/image\\\/\"},\"sameAs\":[\"https:\\\/\\\/www.facebook.com\\\/Trashoucom\",\"https:\\\/\\\/www.linkedin.com\\\/company\\\/trashou.com\\\/\"]}]}<\/script>\n<!-- \/ Yoast SEO plugin. -->","yoast_head_json":{"title":"Prestations : Gestion de communaut\u00e9s - Trashou.com","robots":{"index":"index","follow":"follow","max-snippet":"max-snippet:-1","max-image-preview":"max-image-preview:large","max-video-preview":"max-video-preview:-1"},"canonical":"https:\/\/trashou.com\/index.php\/prestations\/gestion-communautes\/","og_locale":"fr_FR","og_type":"article","og_title":"Prestations : Gestion de communaut\u00e9s - Trashou.com","og_url":"https:\/\/trashou.com\/index.php\/prestations\/gestion-communautes\/","og_site_name":"Trashou.com","article_publisher":"https:\/\/www.facebook.com\/Trashoucom","article_modified_time":"2019-09-26T12:26:04+00:00","twitter_card":"summary_large_image","schema":{"@context":"https:\/\/schema.org","@graph":[{"@type":"WebPage","@id":"https:\/\/trashou.com\/index.php\/prestations\/gestion-communautes\/","url":"https:\/\/trashou.com\/index.php\/prestations\/gestion-communautes\/","name":"Prestations : Gestion de communaut\u00e9s - Trashou.com","isPartOf":{"@id":"https:\/\/trashou.com\/#website"},"datePublished":"2019-08-15T12:40:54+00:00","dateModified":"2019-09-26T12:26:04+00:00","breadcrumb":{"@id":"https:\/\/trashou.com\/index.php\/prestations\/gestion-communautes\/#breadcrumb"},"inLanguage":"fr-FR","potentialAction":[{"@type":"ReadAction","target":["https:\/\/trashou.com\/index.php\/prestations\/gestion-communautes\/"]}]},{"@type":"BreadcrumbList","@id":"https:\/\/trashou.com\/index.php\/prestations\/gestion-communautes\/#breadcrumb","itemListElement":[{"@type":"ListItem","position":1,"name":"Accueil","item":"https:\/\/trashou.com\/"},{"@type":"ListItem","position":2,"name":"Prestations","item":"https:\/\/trashou.com\/index.php\/prestations\/"},{"@type":"ListItem","position":3,"name":"Prestations : Gestion de communaut\u00e9s"}]},{"@type":"WebSite","@id":"https:\/\/trashou.com\/#website","url":"https:\/\/trashou.com\/","name":"Trashou.com","description":"Mettez au panier vos anciennes id\u00e9es sur internet !","publisher":{"@id":"https:\/\/trashou.com\/#organization"},"potentialAction":[{"@type":"SearchAction","target":{"@type":"EntryPoint","urlTemplate":"https:\/\/trashou.com\/?s={search_term_string}"},"query-input":{"@type":"PropertyValueSpecification","valueRequired":true,"valueName":"search_term_string"}}],"inLanguage":"fr-FR"},{"@type":"Organization","@id":"https:\/\/trashou.com\/#organization","name":"Trashou.com","url":"https:\/\/trashou.com\/","logo":{"@type":"ImageObject","inLanguage":"fr-FR","@id":"https:\/\/trashou.com\/#\/schema\/logo\/image\/","url":"https:\/\/trashou.com\/wp-content\/uploads\/2019\/11\/Logo_trashou.png","contentUrl":"https:\/\/trashou.com\/wp-content\/uploads\/2019\/11\/Logo_trashou.png","width":150,"height":26,"caption":"Trashou.com"},"image":{"@id":"https:\/\/trashou.com\/#\/schema\/logo\/image\/"},"sameAs":["https:\/\/www.facebook.com\/Trashoucom","https:\/\/www.linkedin.com\/company\/trashou.com\/"]}]}},"_links":{"self":[{"href":"https:\/\/trashou.com\/index.php\/wp-json\/wp\/v2\/pages\/739","targetHints":{"allow":["GET"]}}],"collection":[{"href":"https:\/\/trashou.com\/index.php\/wp-json\/wp\/v2\/pages"}],"about":[{"href":"https:\/\/trashou.com\/index.php\/wp-json\/wp\/v2\/types\/page"}],"author":[{"embeddable":true,"href":"https:\/\/trashou.com\/index.php\/wp-json\/wp\/v2\/users\/2"}],"replies":[{"embeddable":true,"href":"https:\/\/trashou.com\/index.php\/wp-json\/wp\/v2\/comments?post=739"}],"version-history":[{"count":11,"href":"https:\/\/trashou.com\/index.php\/wp-json\/wp\/v2\/pages\/739\/revisions"}],"predecessor-version":[{"id":1361,"href":"https:\/\/trashou.com\/index.php\/wp-json\/wp\/v2\/pages\/739\/revisions\/1361"}],"up":[{"embeddable":true,"href":"https:\/\/trashou.com\/index.php\/wp-json\/wp\/v2\/pages\/705"}],"wp:attachment":[{"href":"https:\/\/trashou.com\/index.php\/wp-json\/wp\/v2\/media?parent=739"}],"curies":[{"name":"wp","href":"https:\/\/api.w.org\/{rel}","templated":true}]}}