{"id":725,"date":"2019-08-15T14:09:18","date_gmt":"2019-08-15T12:09:18","guid":{"rendered":"http:\/\/trashou.com\/?page_id=725"},"modified":"2024-08-26T12:55:21","modified_gmt":"2024-08-26T10:55:21","slug":"webmastering","status":"publish","type":"page","link":"https:\/\/trashou.com\/index.php\/prestations\/webmastering\/","title":{"rendered":"Prestations : Webmastering"},"content":{"rendered":"<div id=\"pl-gb725-69e75dae72b40\"  class=\"panel-layout\" ><div id=\"pg-gb725-69e75dae72b40-0\"  class=\"panel-grid panel-no-style\" ><div id=\"pgc-gb725-69e75dae72b40-0-0\"  class=\"panel-grid-cell\" ><div id=\"panel-gb725-69e75dae72b40-0-0-0\" class=\"so-panel widget widget_media_image panel-first-child panel-last-child\" data-index=\"0\" ><img loading=\"lazy\" decoding=\"async\" width=\"1920\" height=\"700\" src=\"https:\/\/trashou.com\/wp-content\/uploads\/2019\/09\/speed-light-1920x700.jpg\" class=\"image wp-image-1048  attachment-full size-full\" alt=\"\" style=\"max-width: 100%; height: auto;\" srcset=\"https:\/\/trashou.com\/wp-content\/uploads\/2019\/09\/speed-light-1920x700.jpg 1920w, https:\/\/trashou.com\/wp-content\/uploads\/2019\/09\/speed-light-1920x700-300x109.jpg 300w, https:\/\/trashou.com\/wp-content\/uploads\/2019\/09\/speed-light-1920x700-768x280.jpg 768w, https:\/\/trashou.com\/wp-content\/uploads\/2019\/09\/speed-light-1920x700-1024x373.jpg 1024w\" sizes=\"auto, (max-width: 1920px) 100vw, 1920px\" \/><\/div><\/div><\/div><div id=\"pg-gb725-69e75dae72b40-1\"  class=\"panel-grid panel-no-style\" ><div id=\"pgc-gb725-69e75dae72b40-1-0\"  class=\"panel-grid-cell\" ><div id=\"panel-gb725-69e75dae72b40-1-0-0\" class=\"so-panel widget widget_siteorigin-panels-builder panel-first-child panel-last-child\" data-index=\"1\" ><div id=\"pl-w66cc5f15f13b6\"  class=\"panel-layout\" ><div id=\"pg-w66cc5f15f13b6-0\"  class=\"panel-grid panel-no-style\" ><div id=\"pgc-w66cc5f15f13b6-0-0\"  class=\"panel-grid-cell\" ><div id=\"panel-w66cc5f15f13b6-0-0-0\" class=\"so-panel widget widget_text panel-first-child panel-last-child\" data-index=\"0\" ><div class=\"flash_inherit_color panel-widget-style panel-widget-style-for-w66cc5f15f13b6-0-0-0\" >\t\t\t<div class=\"textwidget\"><p><strong style=\"font-size: 18px; color: #004a98 !important;\">Packs Webmaster<\/strong><\/p>\n<p>Le webmastering va vous permettre de <strong>faire vivre votre site<\/strong> ou d&rsquo;y <strong>apporter des corrections<\/strong> relatives \u00e0 votre activit\u00e9 (modification de tarifs, ajout \/ modification \/ suppression de r\u00e9f\u00e9rences produits\u2026) Ils sont valables 1 an.<\/p>\n<p>Vous b\u00e9n\u00e9ficiez d&rsquo;un pack webmaster 5h lorsque vous me confiez l&rsquo;\u00e9laboration d&rsquo;un site (sauf pack Carte de Visite).<\/p>\n<p>Les packs Webmaster que je vous propose se diff\u00e9rencient par le nombre d&rsquo;heures d&rsquo;intervention\u00a0:<\/p>\n<ul>\n<li>Pack Webmaster 10h : <span class=\"text-vert\"><strong>750 \u20ac HT*<\/strong><\/span><\/li>\n<li>Pack Webmaster 25h : <span class=\"text-vert\"><strong>1750 \u20ac HT*<\/strong><\/span><\/li>\n<li>Pack Webmaster 50h : 3<span class=\"text-vert\"><strong>500 \u20ac HT*<\/strong><\/span><\/li>\n<\/ul>\n<\/div>\n\t\t<\/div><\/div><\/div><\/div><div id=\"pg-w66cc5f15f13b6-1\"  class=\"panel-grid panel-no-style\" ><div id=\"pgc-w66cc5f15f13b6-1-0\"  class=\"panel-grid-cell\" ><div id=\"panel-w66cc5f15f13b6-1-0-0\" class=\"so-panel widget widget_text panel-first-child panel-last-child\" data-index=\"1\" >\t\t\t<div class=\"textwidget\"><p>D&rsquo;autres modes d&rsquo;intervention peuvent \u00eatre envisag\u00e9s : de l&rsquo;<strong>intervention journali\u00e8re<\/strong> \u00e0 <strong>mensuelle<\/strong>, sans compter les <strong>interventions ponctuelles<\/strong>&#8230;<\/p>\n<\/div>\n\t\t<\/div><\/div><\/div><div id=\"pg-w66cc5f15f13b6-2\"  class=\"panel-grid panel-no-style\" ><div id=\"pgc-w66cc5f15f13b6-2-0\"  class=\"panel-grid-cell\" ><div id=\"panel-w66cc5f15f13b6-2-0-0\" class=\"so-panel widget widget_themegrill_flash_cta tg-widget call-to-action-section panel-first-child panel-last-child\" data-index=\"2\" ><div class=\"flash_inherit_color panel-widget-style panel-widget-style-for-w66cc5f15f13b6-2-0-0\" ><div class=\"cta-wrapper call-to-action-section-layout-2\">\n\t<div class=\"section-title-wrapper\">\n\t\t\t\t<h3 class=\"section-title\">Vous souhaitez en savoir plus ?<\/h3>\n\t\t\t<\/div>\n\t\t<div class=\"btn-wrapper\">\n\t\t\t\t<a class=\"btn\" href=\"https:\/\/trashou.com\/index.php\/contact\/\">Contactez-moi<\/a>\n\t\t\t\t\t<\/div>\n\t<\/div>\n<\/div><\/div><\/div><\/div><\/div><\/div><\/div><\/div><\/div>","protected":false},"excerpt":{"rendered":"","protected":false},"author":2,"featured_media":0,"parent":705,"menu_order":0,"comment_status":"closed","ping_status":"closed","template":"","meta":{"footnotes":""},"class_list":["post-725","page","type-page","status-publish","hentry"],"yoast_head":"<!-- This site is optimized with the Yoast SEO plugin v27.4 - https:\/\/yoast.com\/product\/yoast-seo-wordpress\/ -->\n<title>Prestations : Webmastering - Trashou.com<\/title>\n<meta name=\"robots\" content=\"index, follow, max-snippet:-1, max-image-preview:large, max-video-preview:-1\" \/>\n<link rel=\"canonical\" href=\"https:\/\/trashou.com\/index.php\/prestations\/webmastering\/\" \/>\n<meta property=\"og:locale\" content=\"fr_FR\" \/>\n<meta property=\"og:type\" content=\"article\" \/>\n<meta property=\"og:title\" content=\"Prestations : Webmastering - Trashou.com\" \/>\n<meta property=\"og:url\" content=\"https:\/\/trashou.com\/index.php\/prestations\/webmastering\/\" \/>\n<meta property=\"og:site_name\" content=\"Trashou.com\" \/>\n<meta property=\"article:publisher\" content=\"https:\/\/www.facebook.com\/Trashoucom\" \/>\n<meta property=\"article:modified_time\" content=\"2024-08-26T10:55:21+00:00\" \/>\n<meta name=\"twitter:card\" content=\"summary_large_image\" \/>\n<script type=\"application\/ld+json\" class=\"yoast-schema-graph\">{\"@context\":\"https:\\\/\\\/schema.org\",\"@graph\":[{\"@type\":\"WebPage\",\"@id\":\"https:\\\/\\\/trashou.com\\\/index.php\\\/prestations\\\/webmastering\\\/\",\"url\":\"https:\\\/\\\/trashou.com\\\/index.php\\\/prestations\\\/webmastering\\\/\",\"name\":\"Prestations : Webmastering - Trashou.com\",\"isPartOf\":{\"@id\":\"https:\\\/\\\/trashou.com\\\/#website\"},\"datePublished\":\"2019-08-15T12:09:18+00:00\",\"dateModified\":\"2024-08-26T10:55:21+00:00\",\"breadcrumb\":{\"@id\":\"https:\\\/\\\/trashou.com\\\/index.php\\\/prestations\\\/webmastering\\\/#breadcrumb\"},\"inLanguage\":\"fr-FR\",\"potentialAction\":[{\"@type\":\"ReadAction\",\"target\":[\"https:\\\/\\\/trashou.com\\\/index.php\\\/prestations\\\/webmastering\\\/\"]}]},{\"@type\":\"BreadcrumbList\",\"@id\":\"https:\\\/\\\/trashou.com\\\/index.php\\\/prestations\\\/webmastering\\\/#breadcrumb\",\"itemListElement\":[{\"@type\":\"ListItem\",\"position\":1,\"name\":\"Accueil\",\"item\":\"https:\\\/\\\/trashou.com\\\/\"},{\"@type\":\"ListItem\",\"position\":2,\"name\":\"Prestations\",\"item\":\"https:\\\/\\\/trashou.com\\\/index.php\\\/prestations\\\/\"},{\"@type\":\"ListItem\",\"position\":3,\"name\":\"Prestations : Webmastering\"}]},{\"@type\":\"WebSite\",\"@id\":\"https:\\\/\\\/trashou.com\\\/#website\",\"url\":\"https:\\\/\\\/trashou.com\\\/\",\"name\":\"Trashou.com\",\"description\":\"Mettez au panier vos anciennes id\u00e9es sur internet !\",\"publisher\":{\"@id\":\"https:\\\/\\\/trashou.com\\\/#organization\"},\"potentialAction\":[{\"@type\":\"SearchAction\",\"target\":{\"@type\":\"EntryPoint\",\"urlTemplate\":\"https:\\\/\\\/trashou.com\\\/?s={search_term_string}\"},\"query-input\":{\"@type\":\"PropertyValueSpecification\",\"valueRequired\":true,\"valueName\":\"search_term_string\"}}],\"inLanguage\":\"fr-FR\"},{\"@type\":\"Organization\",\"@id\":\"https:\\\/\\\/trashou.com\\\/#organization\",\"name\":\"Trashou.com\",\"url\":\"https:\\\/\\\/trashou.com\\\/\",\"logo\":{\"@type\":\"ImageObject\",\"inLanguage\":\"fr-FR\",\"@id\":\"https:\\\/\\\/trashou.com\\\/#\\\/schema\\\/logo\\\/image\\\/\",\"url\":\"https:\\\/\\\/trashou.com\\\/wp-content\\\/uploads\\\/2019\\\/11\\\/Logo_trashou.png\",\"contentUrl\":\"https:\\\/\\\/trashou.com\\\/wp-content\\\/uploads\\\/2019\\\/11\\\/Logo_trashou.png\",\"width\":150,\"height\":26,\"caption\":\"Trashou.com\"},\"image\":{\"@id\":\"https:\\\/\\\/trashou.com\\\/#\\\/schema\\\/logo\\\/image\\\/\"},\"sameAs\":[\"https:\\\/\\\/www.facebook.com\\\/Trashoucom\",\"https:\\\/\\\/www.linkedin.com\\\/company\\\/trashou.com\\\/\"]}]}<\/script>\n<!-- \/ Yoast SEO plugin. -->","yoast_head_json":{"title":"Prestations : Webmastering - Trashou.com","robots":{"index":"index","follow":"follow","max-snippet":"max-snippet:-1","max-image-preview":"max-image-preview:large","max-video-preview":"max-video-preview:-1"},"canonical":"https:\/\/trashou.com\/index.php\/prestations\/webmastering\/","og_locale":"fr_FR","og_type":"article","og_title":"Prestations : Webmastering - Trashou.com","og_url":"https:\/\/trashou.com\/index.php\/prestations\/webmastering\/","og_site_name":"Trashou.com","article_publisher":"https:\/\/www.facebook.com\/Trashoucom","article_modified_time":"2024-08-26T10:55:21+00:00","twitter_card":"summary_large_image","schema":{"@context":"https:\/\/schema.org","@graph":[{"@type":"WebPage","@id":"https:\/\/trashou.com\/index.php\/prestations\/webmastering\/","url":"https:\/\/trashou.com\/index.php\/prestations\/webmastering\/","name":"Prestations : Webmastering - Trashou.com","isPartOf":{"@id":"https:\/\/trashou.com\/#website"},"datePublished":"2019-08-15T12:09:18+00:00","dateModified":"2024-08-26T10:55:21+00:00","breadcrumb":{"@id":"https:\/\/trashou.com\/index.php\/prestations\/webmastering\/#breadcrumb"},"inLanguage":"fr-FR","potentialAction":[{"@type":"ReadAction","target":["https:\/\/trashou.com\/index.php\/prestations\/webmastering\/"]}]},{"@type":"BreadcrumbList","@id":"https:\/\/trashou.com\/index.php\/prestations\/webmastering\/#breadcrumb","itemListElement":[{"@type":"ListItem","position":1,"name":"Accueil","item":"https:\/\/trashou.com\/"},{"@type":"ListItem","position":2,"name":"Prestations","item":"https:\/\/trashou.com\/index.php\/prestations\/"},{"@type":"ListItem","position":3,"name":"Prestations : Webmastering"}]},{"@type":"WebSite","@id":"https:\/\/trashou.com\/#website","url":"https:\/\/trashou.com\/","name":"Trashou.com","description":"Mettez au panier vos anciennes id\u00e9es sur internet !","publisher":{"@id":"https:\/\/trashou.com\/#organization"},"potentialAction":[{"@type":"SearchAction","target":{"@type":"EntryPoint","urlTemplate":"https:\/\/trashou.com\/?s={search_term_string}"},"query-input":{"@type":"PropertyValueSpecification","valueRequired":true,"valueName":"search_term_string"}}],"inLanguage":"fr-FR"},{"@type":"Organization","@id":"https:\/\/trashou.com\/#organization","name":"Trashou.com","url":"https:\/\/trashou.com\/","logo":{"@type":"ImageObject","inLanguage":"fr-FR","@id":"https:\/\/trashou.com\/#\/schema\/logo\/image\/","url":"https:\/\/trashou.com\/wp-content\/uploads\/2019\/11\/Logo_trashou.png","contentUrl":"https:\/\/trashou.com\/wp-content\/uploads\/2019\/11\/Logo_trashou.png","width":150,"height":26,"caption":"Trashou.com"},"image":{"@id":"https:\/\/trashou.com\/#\/schema\/logo\/image\/"},"sameAs":["https:\/\/www.facebook.com\/Trashoucom","https:\/\/www.linkedin.com\/company\/trashou.com\/"]}]}},"_links":{"self":[{"href":"https:\/\/trashou.com\/index.php\/wp-json\/wp\/v2\/pages\/725","targetHints":{"allow":["GET"]}}],"collection":[{"href":"https:\/\/trashou.com\/index.php\/wp-json\/wp\/v2\/pages"}],"about":[{"href":"https:\/\/trashou.com\/index.php\/wp-json\/wp\/v2\/types\/page"}],"author":[{"embeddable":true,"href":"https:\/\/trashou.com\/index.php\/wp-json\/wp\/v2\/users\/2"}],"replies":[{"embeddable":true,"href":"https:\/\/trashou.com\/index.php\/wp-json\/wp\/v2\/comments?post=725"}],"version-history":[{"count":13,"href":"https:\/\/trashou.com\/index.php\/wp-json\/wp\/v2\/pages\/725\/revisions"}],"predecessor-version":[{"id":3583,"href":"https:\/\/trashou.com\/index.php\/wp-json\/wp\/v2\/pages\/725\/revisions\/3583"}],"up":[{"embeddable":true,"href":"https:\/\/trashou.com\/index.php\/wp-json\/wp\/v2\/pages\/705"}],"wp:attachment":[{"href":"https:\/\/trashou.com\/index.php\/wp-json\/wp\/v2\/media?parent=725"}],"curies":[{"name":"wp","href":"https:\/\/api.w.org\/{rel}","templated":true}]}}