{"id":705,"date":"2019-08-15T12:15:37","date_gmt":"2019-08-15T10:15:37","guid":{"rendered":"http:\/\/trashou.com\/?page_id=705"},"modified":"2019-10-07T14:07:56","modified_gmt":"2019-10-07T12:07:56","slug":"prestations","status":"publish","type":"page","link":"https:\/\/trashou.com\/index.php\/prestations\/","title":{"rendered":"Prestations"},"content":{"rendered":"<div id=\"pl-gb705-69e75db0124b7\"  class=\"panel-layout\" ><div id=\"pg-gb705-69e75db0124b7-0\"  class=\"panel-grid panel-no-style\" ><div id=\"pgc-gb705-69e75db0124b7-0-0\"  class=\"panel-grid-cell\" ><div id=\"panel-gb705-69e75db0124b7-0-0-0\" class=\"so-panel widget widget_media_image panel-first-child panel-last-child\" data-index=\"0\" ><img loading=\"lazy\" decoding=\"async\" width=\"1920\" height=\"700\" src=\"https:\/\/trashou.com\/wp-content\/uploads\/2019\/09\/speed-light-1920x700.jpg\" class=\"image wp-image-1048  attachment-full size-full\" alt=\"\" style=\"max-width: 100%; height: auto;\" srcset=\"https:\/\/trashou.com\/wp-content\/uploads\/2019\/09\/speed-light-1920x700.jpg 1920w, https:\/\/trashou.com\/wp-content\/uploads\/2019\/09\/speed-light-1920x700-300x109.jpg 300w, https:\/\/trashou.com\/wp-content\/uploads\/2019\/09\/speed-light-1920x700-768x280.jpg 768w, https:\/\/trashou.com\/wp-content\/uploads\/2019\/09\/speed-light-1920x700-1024x373.jpg 1024w\" sizes=\"auto, (max-width: 1920px) 100vw, 1920px\" \/><\/div><\/div><\/div><div id=\"pg-gb705-69e75db0124b7-1\"  class=\"panel-grid panel-no-style\" ><div id=\"pgc-gb705-69e75db0124b7-1-0\"  class=\"panel-grid-cell\" ><div id=\"panel-gb705-69e75db0124b7-1-0-0\" class=\"so-panel widget widget_siteorigin-panels-builder panel-first-child\" data-index=\"1\" ><div id=\"pl-w5d9b2a714c25d\"  class=\"panel-layout\" ><div id=\"pg-w5d9b2a714c25d-0\"  class=\"panel-grid panel-no-style\" ><div id=\"pgc-w5d9b2a714c25d-0-0\"  class=\"panel-grid-cell\" ><div id=\"panel-w5d9b2a714c25d-0-0-0\" class=\"so-panel widget widget_text panel-first-child panel-last-child\" data-index=\"0\" >\t\t\t<div class=\"textwidget\"><p><strong>Unique interlocuteur<\/strong>, <strong>ind\u00e9pendant<\/strong> (<strong>freelance<\/strong>), je serai <strong>\u00e0 m\u00eame de r\u00e9pondre \u00e0 toutes vos interrogations<\/strong>. Je vous accompagnerai -pas \u00e0 pas- dans la <strong>compr\u00e9hension de l&rsquo;internet<\/strong>. Je pourrai vous former \u00e0 l&rsquo;utilisation d&rsquo;un outil qui vous est peut-\u00eatre totalement inconnu&#8230;<\/p>\n<\/div>\n\t\t<\/div><\/div><\/div><div id=\"pg-w5d9b2a714c25d-1\"  class=\"panel-grid panel-no-style\" ><div id=\"pgc-w5d9b2a714c25d-1-0\"  class=\"panel-grid-cell\" ><div id=\"panel-w5d9b2a714c25d-1-0-0\" class=\"so-panel widget widget_themegrill_flash_service tg-widget tg-single-service panel-first-child panel-last-child\" data-index=\"1\" >\n<div class=\"tg-service-widget tg-service-layout-1\">\n\t<div class=\"service-wrapper\">\n\t\t<div class=\"service-icon-title-wrapper clearfix\">\n\t\t\t\t\t\t<div class=\"service-icon-wrap\"><i class=\"fa fa-sitemap\"><\/i><\/div>\n\t\t\t\t\t\t\t\t\t\t\t\t<h3 class=\"service-title-wrap\">\n\t\t\t\t\t\t\t\t<a href=\"https:\/\/trashou.com\/index.php\/prestations\/creation-sites-internet\/\">\n\t\t\t\tCr\u00e9ation de site\t\t\t\t\t\t\t\t<\/a>\n\t\t\t\t\t\t\t<\/h3>\n\t\t\t\t\t<\/div>\n\t\t\t\t<div class=\"service-content-wrap\">Vous n&rsquo;avez pas encore de site, vous cherchez \u00e0 am\u00e9liorer votre communication, \u00e0 vous ouvrir sur de nouveaux march\u00e9s, \u00e0 toucher de nouveaux clients&nbsp;? Vous voulez d\u00e9velopper vos outils (intranet, extranet)&nbsp;? Vous souhaitez mettre en ligne votre vitrine&nbsp;?<\/div>\n\t\t\t\t\t\t<a class=\"service-more\" href=\"https:\/\/trashou.com\/index.php\/prestations\/creation-sites-internet\/\">En savoir plus<\/a>\n\t\t\t<\/div>\n<\/div>\n<\/div><\/div><div id=\"pgc-w5d9b2a714c25d-1-1\"  class=\"panel-grid-cell\" ><div id=\"panel-w5d9b2a714c25d-1-1-0\" class=\"so-panel widget widget_themegrill_flash_service tg-widget tg-single-service panel-first-child panel-last-child\" data-index=\"2\" >\n<div class=\"tg-service-widget tg-service-layout-1\">\n\t<div class=\"service-wrapper\">\n\t\t<div class=\"service-icon-title-wrapper clearfix\">\n\t\t\t\t\t\t<div class=\"service-icon-wrap\"><i class=\"fa fa-cogs\"><\/i><\/div>\n\t\t\t\t\t\t\t\t\t\t\t\t<h3 class=\"service-title-wrap\">\n\t\t\t\t\t\t\t\t<a href=\"https:\/\/trashou.com\/index.php\/prestations\/webmastering\/\">\n\t\t\t\tWebmastering\t\t\t\t\t\t\t\t<\/a>\n\t\t\t\t\t\t\t<\/h3>\n\t\t\t\t\t<\/div>\n\t\t\t\t<div class=\"service-content-wrap\">Vous avez d\u00e9j\u00e0 un site web mais vous n&rsquo;avez pas le temps ou la ressource interne pour le faire vivre, le mettre \u00e0 jour r\u00e9guli\u00e8rement&nbsp;? Vous souhaitez fid\u00e9liser vos visiteurs&nbsp;? Vous cherchez \u00e0 moderniser votre site internet, dynamiser son contenu&nbsp;?<\/div>\n\t\t\t\t\t\t<a class=\"service-more\" href=\"https:\/\/trashou.com\/index.php\/prestations\/webmastering\/\">En savoir plus<\/a>\n\t\t\t<\/div>\n<\/div>\n<\/div><\/div><div id=\"pgc-w5d9b2a714c25d-1-2\"  class=\"panel-grid-cell\" ><div id=\"panel-w5d9b2a714c25d-1-2-0\" class=\"so-panel widget widget_themegrill_flash_service tg-widget tg-single-service panel-first-child panel-last-child\" data-index=\"3\" >\n<div class=\"tg-service-widget tg-service-layout-1\">\n\t<div class=\"service-wrapper\">\n\t\t<div class=\"service-icon-title-wrapper clearfix\">\n\t\t\t\t\t\t<div class=\"service-icon-wrap\"><i class=\"fa fa-line-chart\"><\/i><\/div>\n\t\t\t\t\t\t\t\t\t\t\t\t<h3 class=\"service-title-wrap\">\n\t\t\t\t\t\t\t\t<a href=\"https:\/\/trashou.com\/index.php\/prestations\/referencement\/\">\n\t\t\t\tR\u00e9f\u00e9rencement\t\t\t\t\t\t\t\t<\/a>\n\t\t\t\t\t\t\t<\/h3>\n\t\t\t\t\t<\/div>\n\t\t\t\t<div class=\"service-content-wrap\">Vous avez un site mais celui-ci est invisible ou perdu dans les limbes des outils de recherches&nbsp;? Vous souhaitez augmenter la popularit\u00e9 de votre site, faire des \u00e9changes de liens&nbsp;?<\/div>\n\t\t\t\t\t\t<a class=\"service-more\" href=\"https:\/\/trashou.com\/index.php\/prestations\/referencement\/\">En savoir plus<\/a>\n\t\t\t<\/div>\n<\/div>\n<\/div><\/div><\/div><div id=\"pg-w5d9b2a714c25d-2\"  class=\"panel-grid panel-no-style\" ><div id=\"pgc-w5d9b2a714c25d-2-0\"  class=\"panel-grid-cell\" ><div id=\"panel-w5d9b2a714c25d-2-0-0\" class=\"so-panel widget widget_themegrill_flash_service tg-widget tg-single-service panel-first-child panel-last-child\" data-index=\"4\" >\n<div class=\"tg-service-widget tg-service-layout-1\">\n\t<div class=\"service-wrapper\">\n\t\t<div class=\"service-icon-title-wrapper clearfix\">\n\t\t\t\t\t\t<div class=\"service-icon-wrap\"><i class=\"fa fa-group\"><\/i><\/div>\n\t\t\t\t\t\t\t\t\t\t\t\t<h3 class=\"service-title-wrap\">\n\t\t\t\t\t\t\t\t<a href=\"https:\/\/trashou.com\/index.php\/prestations\/gestion-communautes\/\">\n\t\t\t\tGestion de communaut\u00e9s\t\t\t\t\t\t\t\t<\/a>\n\t\t\t\t\t\t\t<\/h3>\n\t\t\t\t\t<\/div>\n\t\t\t\t<div class=\"service-content-wrap\">Vous souhaitez entrer dans l&rsquo;\u00e8re Web 2.0&nbsp;? Vous voulez \u00e9tendre votre r\u00e9seau, conqu\u00e9rir de nouveaux internautes, cr\u00e9er et f\u00e9d\u00e9rer une communaut\u00e9 afin de cr\u00e9er du buzz et drainer plus de trafic sur votre site internet&nbsp;?<\/div>\n\t\t\t\t\t\t<a class=\"service-more\" href=\"https:\/\/trashou.com\/index.php\/prestations\/gestion-communautes\/\">En savoir plus<\/a>\n\t\t\t<\/div>\n<\/div>\n<\/div><\/div><div id=\"pgc-w5d9b2a714c25d-2-1\"  class=\"panel-grid-cell\" ><div id=\"panel-w5d9b2a714c25d-2-1-0\" class=\"so-panel widget widget_themegrill_flash_service tg-widget tg-single-service panel-first-child panel-last-child\" data-index=\"5\" >\n<div class=\"tg-service-widget tg-service-layout-1\">\n\t<div class=\"service-wrapper\">\n\t\t<div class=\"service-icon-title-wrapper clearfix\">\n\t\t\t\t\t\t<div class=\"service-icon-wrap\"><i class=\"fa fa-graduation-cap\"><\/i><\/div>\n\t\t\t\t\t\t\t\t\t\t\t\t<h3 class=\"service-title-wrap\">\n\t\t\t\t\t\t\t\t<a href=\"https:\/\/trashou.com\/index.php\/prestations\/formations\/\">\n\t\t\t\tFormations\t\t\t\t\t\t\t\t<\/a>\n\t\t\t\t\t\t\t<\/h3>\n\t\t\t\t\t<\/div>\n\t\t\t\t<div class=\"service-content-wrap\">Vous souhaitez \u00eatre \u00e0 l&rsquo;aise avec internet&nbsp;? Apprendre \u00e0 utiliser les outils web ou vous former \u00e0 l&rsquo;utilisation d&rsquo;un CMS&nbsp;? Apprendre \u00e0 ma\u00eetriser votre solution e-commerce&nbsp;? Apprendre le HTML ou le PHP&nbsp;? Acqu\u00e9rir les notions de base pour appr\u00e9hender votre r\u00e9f\u00e9rencement&nbsp;? Ou tout simplement configurer une imprimante ou un smartphone&nbsp;?<\/div>\n\t\t\t\t\t\t<a class=\"service-more\" href=\"https:\/\/trashou.com\/index.php\/prestations\/formations\/\">En savoir plus<\/a>\n\t\t\t<\/div>\n<\/div>\n<\/div><\/div><div id=\"pgc-w5d9b2a714c25d-2-2\"  class=\"panel-grid-cell\" ><div id=\"panel-w5d9b2a714c25d-2-2-0\" class=\"so-panel widget widget_themegrill_flash_service tg-widget tg-single-service panel-first-child panel-last-child\" data-index=\"6\" >\n<div class=\"tg-service-widget tg-service-layout-1\">\n\t<div class=\"service-wrapper\">\n\t\t<div class=\"service-icon-title-wrapper clearfix\">\n\t\t\t\t\t\t<div class=\"service-icon-wrap\"><i class=\"fa fa-align-left\"><\/i><\/div>\n\t\t\t\t\t\t\t\t\t\t\t\t<h3 class=\"service-title-wrap\">\n\t\t\t\t\t\t\t\t<a href=\"https:\/\/trashou.com\/index.php\/prestations\/autres-prestations\/\">\n\t\t\t\tAutres prestations\t\t\t\t\t\t\t\t<\/a>\n\t\t\t\t\t\t\t<\/h3>\n\t\t\t\t\t<\/div>\n\t\t\t\t<div class=\"service-content-wrap\">Voici mes autres domaines de comp\u00e9tences : webdesign, print (flyers, publicit\u00e9s, cartes de visite, papiers \u00e0 ent\u00eate&#8230;), visites virtuelles&#8230;<\/div>\n\t\t\t\t\t\t<a class=\"service-more\" href=\"https:\/\/trashou.com\/index.php\/prestations\/autres-prestations\/\">En savoir plus<\/a>\n\t\t\t<\/div>\n<\/div>\n<\/div><\/div><\/div><\/div><\/div><div id=\"panel-gb705-69e75db0124b7-1-0-1\" class=\"so-panel widget widget_siteorigin-panels-builder panel-last-child\" data-index=\"2\" ><div id=\"pl-w5d9b2a7154f8d\"  class=\"panel-layout\" ><div id=\"pg-w5d9b2a7154f8d-0\"  class=\"panel-grid panel-no-style\" ><div id=\"pgc-w5d9b2a7154f8d-0-0\"  class=\"panel-grid-cell\" ><div id=\"panel-w5d9b2a7154f8d-0-0-0\" class=\"so-panel widget panel-first-child panel-last-child\" data-index=\"0\" ><\/div><\/div><div id=\"pgc-w5d9b2a7154f8d-0-1\"  class=\"panel-grid-cell\" ><div id=\"panel-w5d9b2a7154f8d-0-1-0\" class=\"so-panel widget panel-first-child panel-last-child\" data-index=\"1\" ><\/div><\/div><\/div><div id=\"pg-w5d9b2a7154f8d-1\"  class=\"panel-grid panel-no-style\" ><div id=\"pgc-w5d9b2a7154f8d-1-0\"  class=\"panel-grid-cell\" ><div id=\"panel-w5d9b2a7154f8d-1-0-0\" class=\"so-panel widget panel-first-child panel-last-child\" data-index=\"2\" ><\/div><\/div><div id=\"pgc-w5d9b2a7154f8d-1-1\"  class=\"panel-grid-cell\" ><div id=\"panel-w5d9b2a7154f8d-1-1-0\" class=\"so-panel widget panel-first-child panel-last-child\" data-index=\"3\" ><\/div><\/div><\/div><div id=\"pg-w5d9b2a7154f8d-2\"  class=\"panel-grid panel-no-style\" ><div id=\"pgc-w5d9b2a7154f8d-2-0\"  class=\"panel-grid-cell\" ><div id=\"panel-w5d9b2a7154f8d-2-0-0\" class=\"so-panel widget panel-first-child panel-last-child\" data-index=\"4\" ><\/div><\/div><div id=\"pgc-w5d9b2a7154f8d-2-1\"  class=\"panel-grid-cell\" ><div id=\"panel-w5d9b2a7154f8d-2-1-0\" class=\"so-panel widget panel-first-child panel-last-child\" data-index=\"5\" ><\/div><\/div><\/div><\/div><\/div><\/div><\/div><\/div>","protected":false},"excerpt":{"rendered":"","protected":false},"author":2,"featured_media":0,"parent":0,"menu_order":0,"comment_status":"closed","ping_status":"closed","template":"","meta":{"footnotes":""},"class_list":["post-705","page","type-page","status-publish","hentry"],"yoast_head":"<!-- This site is optimized with the Yoast SEO plugin v27.4 - https:\/\/yoast.com\/product\/yoast-seo-wordpress\/ -->\n<title>Prestations - Trashou.com<\/title>\n<meta name=\"robots\" content=\"index, follow, max-snippet:-1, max-image-preview:large, max-video-preview:-1\" \/>\n<link rel=\"canonical\" href=\"https:\/\/trashou.com\/index.php\/prestations\/\" \/>\n<meta property=\"og:locale\" content=\"fr_FR\" \/>\n<meta property=\"og:type\" content=\"article\" \/>\n<meta property=\"og:title\" content=\"Prestations - Trashou.com\" \/>\n<meta property=\"og:url\" content=\"https:\/\/trashou.com\/index.php\/prestations\/\" \/>\n<meta property=\"og:site_name\" content=\"Trashou.com\" \/>\n<meta property=\"article:publisher\" content=\"https:\/\/www.facebook.com\/Trashoucom\" \/>\n<meta property=\"article:modified_time\" content=\"2019-10-07T12:07:56+00:00\" \/>\n<meta name=\"twitter:card\" content=\"summary_large_image\" \/>\n<script type=\"application\/ld+json\" class=\"yoast-schema-graph\">{\"@context\":\"https:\\\/\\\/schema.org\",\"@graph\":[{\"@type\":\"WebPage\",\"@id\":\"https:\\\/\\\/trashou.com\\\/index.php\\\/prestations\\\/\",\"url\":\"https:\\\/\\\/trashou.com\\\/index.php\\\/prestations\\\/\",\"name\":\"Prestations - Trashou.com\",\"isPartOf\":{\"@id\":\"https:\\\/\\\/trashou.com\\\/#website\"},\"datePublished\":\"2019-08-15T10:15:37+00:00\",\"dateModified\":\"2019-10-07T12:07:56+00:00\",\"breadcrumb\":{\"@id\":\"https:\\\/\\\/trashou.com\\\/index.php\\\/prestations\\\/#breadcrumb\"},\"inLanguage\":\"fr-FR\",\"potentialAction\":[{\"@type\":\"ReadAction\",\"target\":[\"https:\\\/\\\/trashou.com\\\/index.php\\\/prestations\\\/\"]}]},{\"@type\":\"BreadcrumbList\",\"@id\":\"https:\\\/\\\/trashou.com\\\/index.php\\\/prestations\\\/#breadcrumb\",\"itemListElement\":[{\"@type\":\"ListItem\",\"position\":1,\"name\":\"Accueil\",\"item\":\"https:\\\/\\\/trashou.com\\\/\"},{\"@type\":\"ListItem\",\"position\":2,\"name\":\"Prestations\"}]},{\"@type\":\"WebSite\",\"@id\":\"https:\\\/\\\/trashou.com\\\/#website\",\"url\":\"https:\\\/\\\/trashou.com\\\/\",\"name\":\"Trashou.com\",\"description\":\"Mettez au panier vos anciennes id\u00e9es sur internet !\",\"publisher\":{\"@id\":\"https:\\\/\\\/trashou.com\\\/#organization\"},\"potentialAction\":[{\"@type\":\"SearchAction\",\"target\":{\"@type\":\"EntryPoint\",\"urlTemplate\":\"https:\\\/\\\/trashou.com\\\/?s={search_term_string}\"},\"query-input\":{\"@type\":\"PropertyValueSpecification\",\"valueRequired\":true,\"valueName\":\"search_term_string\"}}],\"inLanguage\":\"fr-FR\"},{\"@type\":\"Organization\",\"@id\":\"https:\\\/\\\/trashou.com\\\/#organization\",\"name\":\"Trashou.com\",\"url\":\"https:\\\/\\\/trashou.com\\\/\",\"logo\":{\"@type\":\"ImageObject\",\"inLanguage\":\"fr-FR\",\"@id\":\"https:\\\/\\\/trashou.com\\\/#\\\/schema\\\/logo\\\/image\\\/\",\"url\":\"https:\\\/\\\/trashou.com\\\/wp-content\\\/uploads\\\/2019\\\/11\\\/Logo_trashou.png\",\"contentUrl\":\"https:\\\/\\\/trashou.com\\\/wp-content\\\/uploads\\\/2019\\\/11\\\/Logo_trashou.png\",\"width\":150,\"height\":26,\"caption\":\"Trashou.com\"},\"image\":{\"@id\":\"https:\\\/\\\/trashou.com\\\/#\\\/schema\\\/logo\\\/image\\\/\"},\"sameAs\":[\"https:\\\/\\\/www.facebook.com\\\/Trashoucom\",\"https:\\\/\\\/www.linkedin.com\\\/company\\\/trashou.com\\\/\"]}]}<\/script>\n<!-- \/ Yoast SEO plugin. -->","yoast_head_json":{"title":"Prestations - Trashou.com","robots":{"index":"index","follow":"follow","max-snippet":"max-snippet:-1","max-image-preview":"max-image-preview:large","max-video-preview":"max-video-preview:-1"},"canonical":"https:\/\/trashou.com\/index.php\/prestations\/","og_locale":"fr_FR","og_type":"article","og_title":"Prestations - Trashou.com","og_url":"https:\/\/trashou.com\/index.php\/prestations\/","og_site_name":"Trashou.com","article_publisher":"https:\/\/www.facebook.com\/Trashoucom","article_modified_time":"2019-10-07T12:07:56+00:00","twitter_card":"summary_large_image","schema":{"@context":"https:\/\/schema.org","@graph":[{"@type":"WebPage","@id":"https:\/\/trashou.com\/index.php\/prestations\/","url":"https:\/\/trashou.com\/index.php\/prestations\/","name":"Prestations - Trashou.com","isPartOf":{"@id":"https:\/\/trashou.com\/#website"},"datePublished":"2019-08-15T10:15:37+00:00","dateModified":"2019-10-07T12:07:56+00:00","breadcrumb":{"@id":"https:\/\/trashou.com\/index.php\/prestations\/#breadcrumb"},"inLanguage":"fr-FR","potentialAction":[{"@type":"ReadAction","target":["https:\/\/trashou.com\/index.php\/prestations\/"]}]},{"@type":"BreadcrumbList","@id":"https:\/\/trashou.com\/index.php\/prestations\/#breadcrumb","itemListElement":[{"@type":"ListItem","position":1,"name":"Accueil","item":"https:\/\/trashou.com\/"},{"@type":"ListItem","position":2,"name":"Prestations"}]},{"@type":"WebSite","@id":"https:\/\/trashou.com\/#website","url":"https:\/\/trashou.com\/","name":"Trashou.com","description":"Mettez au panier vos anciennes id\u00e9es sur internet !","publisher":{"@id":"https:\/\/trashou.com\/#organization"},"potentialAction":[{"@type":"SearchAction","target":{"@type":"EntryPoint","urlTemplate":"https:\/\/trashou.com\/?s={search_term_string}"},"query-input":{"@type":"PropertyValueSpecification","valueRequired":true,"valueName":"search_term_string"}}],"inLanguage":"fr-FR"},{"@type":"Organization","@id":"https:\/\/trashou.com\/#organization","name":"Trashou.com","url":"https:\/\/trashou.com\/","logo":{"@type":"ImageObject","inLanguage":"fr-FR","@id":"https:\/\/trashou.com\/#\/schema\/logo\/image\/","url":"https:\/\/trashou.com\/wp-content\/uploads\/2019\/11\/Logo_trashou.png","contentUrl":"https:\/\/trashou.com\/wp-content\/uploads\/2019\/11\/Logo_trashou.png","width":150,"height":26,"caption":"Trashou.com"},"image":{"@id":"https:\/\/trashou.com\/#\/schema\/logo\/image\/"},"sameAs":["https:\/\/www.facebook.com\/Trashoucom","https:\/\/www.linkedin.com\/company\/trashou.com\/"]}]}},"_links":{"self":[{"href":"https:\/\/trashou.com\/index.php\/wp-json\/wp\/v2\/pages\/705","targetHints":{"allow":["GET"]}}],"collection":[{"href":"https:\/\/trashou.com\/index.php\/wp-json\/wp\/v2\/pages"}],"about":[{"href":"https:\/\/trashou.com\/index.php\/wp-json\/wp\/v2\/types\/page"}],"author":[{"embeddable":true,"href":"https:\/\/trashou.com\/index.php\/wp-json\/wp\/v2\/users\/2"}],"replies":[{"embeddable":true,"href":"https:\/\/trashou.com\/index.php\/wp-json\/wp\/v2\/comments?post=705"}],"version-history":[{"count":19,"href":"https:\/\/trashou.com\/index.php\/wp-json\/wp\/v2\/pages\/705\/revisions"}],"predecessor-version":[{"id":1392,"href":"https:\/\/trashou.com\/index.php\/wp-json\/wp\/v2\/pages\/705\/revisions\/1392"}],"wp:attachment":[{"href":"https:\/\/trashou.com\/index.php\/wp-json\/wp\/v2\/media?parent=705"}],"curies":[{"name":"wp","href":"https:\/\/api.w.org\/{rel}","templated":true}]}}