{"id":671,"date":"2019-08-15T07:52:24","date_gmt":"2019-08-15T05:52:24","guid":{"rendered":"http:\/\/trashou.com\/?page_id=671"},"modified":"2019-09-26T14:20:05","modified_gmt":"2019-09-26T12:20:05","slug":"webmastering","status":"publish","type":"page","link":"https:\/\/trashou.com\/index.php\/competences\/webmastering\/","title":{"rendered":"Comp\u00e9tences : Webmastering"},"content":{"rendered":"<div id=\"pl-gb671-69e75d8cdbbcc\"  class=\"panel-layout\" ><div id=\"pg-gb671-69e75d8cdbbcc-0\"  class=\"panel-grid panel-no-style\" ><div id=\"pgc-gb671-69e75d8cdbbcc-0-0\"  class=\"panel-grid-cell\" ><div id=\"panel-gb671-69e75d8cdbbcc-0-0-0\" class=\"so-panel widget widget_media_image panel-first-child panel-last-child\" data-index=\"0\" ><img loading=\"lazy\" decoding=\"async\" width=\"1920\" height=\"700\" src=\"https:\/\/trashou.com\/wp-content\/uploads\/2019\/09\/digital-dreams-1920x700.jpg\" class=\"image wp-image-1000  attachment-full size-full\" alt=\"\" style=\"max-width: 100%; height: auto;\" srcset=\"https:\/\/trashou.com\/wp-content\/uploads\/2019\/09\/digital-dreams-1920x700.jpg 1920w, https:\/\/trashou.com\/wp-content\/uploads\/2019\/09\/digital-dreams-1920x700-300x109.jpg 300w, https:\/\/trashou.com\/wp-content\/uploads\/2019\/09\/digital-dreams-1920x700-768x280.jpg 768w, https:\/\/trashou.com\/wp-content\/uploads\/2019\/09\/digital-dreams-1920x700-1024x373.jpg 1024w\" sizes=\"auto, (max-width: 1920px) 100vw, 1920px\" \/><\/div><\/div><\/div><div id=\"pg-gb671-69e75d8cdbbcc-1\"  class=\"panel-grid panel-no-style\" ><div id=\"pgc-gb671-69e75d8cdbbcc-1-0\"  class=\"panel-grid-cell\" ><div id=\"panel-gb671-69e75d8cdbbcc-1-0-0\" class=\"so-panel widget widget_siteorigin-panels-builder panel-first-child panel-last-child\" data-index=\"1\" ><div id=\"pl-w5d8360127a2bf\"  class=\"panel-layout\" ><div id=\"pg-w5d8360127a2bf-0\"  class=\"panel-grid panel-no-style\" ><div id=\"pgc-w5d8360127a2bf-0-0\"  class=\"panel-grid-cell\" ><div id=\"panel-w5d8360127a2bf-0-0-0\" class=\"so-panel widget widget_text panel-first-child panel-last-child\" data-index=\"0\" >\t\t\t<div class=\"textwidget\"><p><span class=\"text-noir\">Le principe est <strong>de tout mettre en \u0153uvre<\/strong> pour <strong>fid\u00e9liser les visiteurs<\/strong> de votre site internet. <\/span><span class=\"text-noir\">Pour cela, il convient de <strong>mettre \u00e0 jour votre site le plus r\u00e9guli\u00e8rement possible<\/strong> (suppression des produits en rupture de stock, modification des sp\u00e9cifications et\/ou des prix, mise en place de promotions\u2026 Mais aussi inclure des informations \u00e0 forte valeur ajout\u00e9e.) <\/span><\/p>\n<\/div>\n\t\t<\/div><\/div><\/div><div id=\"pg-w5d8360127a2bf-1\"  class=\"panel-grid panel-no-style\" ><div id=\"pgc-w5d8360127a2bf-1-0\"  class=\"panel-grid-cell\" ><div id=\"panel-w5d8360127a2bf-1-0-0\" class=\"so-panel widget widget_text panel-first-child panel-last-child\" data-index=\"1\" >\t\t\t<div class=\"textwidget\"><p>Je relaierai votre strat\u00e9gie de <strong>marketing direct<\/strong> online avec, par exemple, la mise en place d&rsquo;<strong>avantages r\u00e9serv\u00e9s \u00e0 vos internautes<\/strong> ou <strong>d&rsquo;informations relatives au magasin. <\/strong> Je serai votre contact au quotidien pour le <strong>support<\/strong> <strong>technique<\/strong> de votre site.<\/p>\n<\/div>\n\t\t<\/div><\/div><div id=\"pgc-w5d8360127a2bf-1-1\"  class=\"panel-grid-cell\" ><div id=\"panel-w5d8360127a2bf-1-1-0\" class=\"so-panel widget widget_media_image panel-first-child panel-last-child\" data-index=\"2\" ><img loading=\"lazy\" decoding=\"async\" width=\"150\" height=\"150\" src=\"https:\/\/trashou.com\/wp-content\/uploads\/2019\/08\/tools-1545001-639x536-150x150.jpg\" class=\"image wp-image-672  attachment-thumbnail size-thumbnail\" alt=\"\" style=\"max-width: 100%; height: auto;\" srcset=\"https:\/\/trashou.com\/wp-content\/uploads\/2019\/08\/tools-1545001-639x536-150x150.jpg 150w, https:\/\/trashou.com\/wp-content\/uploads\/2019\/08\/tools-1545001-639x536-300x300.jpg 300w, https:\/\/trashou.com\/wp-content\/uploads\/2019\/08\/tools-1545001-639x536-100x100.jpg 100w\" sizes=\"auto, (max-width: 150px) 100vw, 150px\" \/><\/div><\/div><\/div><div id=\"pg-w5d8360127a2bf-2\"  class=\"panel-grid panel-no-style\" ><div id=\"pgc-w5d8360127a2bf-2-0\"  class=\"panel-grid-cell\" ><div id=\"panel-w5d8360127a2bf-2-0-0\" class=\"so-panel widget widget_text panel-first-child\" data-index=\"3\" >\t\t\t<div class=\"textwidget\"><p><strong>Webmaster depuis mars 2000<\/strong>, j&rsquo;ai toujours su <strong>r\u00e9pondre pr\u00e9sent aux demandes<\/strong> de mes clients. Une <strong>modification de prix<\/strong>, une <strong>mise \u00e0 jour de produits<\/strong>, une <strong>mise en avant de r\u00e9f\u00e9rences<\/strong>, un <strong>changement d&rsquo;actualit\u00e9<\/strong> ou une actualisation<strong> d&rsquo;environnement graphique<\/strong> \u00e0 l&rsquo;occasion des F\u00eates de fin d&rsquo;ann\u00e9e, de P\u00e2ques ou d&rsquo;un anniversaire, ont toujours \u00e9t\u00e9 trait\u00e9es en moins de 5 jours ouvrables.<\/p>\n<\/div>\n\t\t<\/div><div id=\"panel-w5d8360127a2bf-2-0-1\" class=\"so-panel widget widget_text panel-last-child\" data-index=\"4\" ><div class=\"flash_inherit_color panel-widget-style panel-widget-style-for-w5d8360127a2bf-2-0-1\" ><h3 class=\"widget-title\">Quelques d\u00e9finitions<\/h3>\t\t\t<div class=\"textwidget\"><ul>\n<li><strong>Webmaster : <\/strong>Litt\u00e9ralement \u00ab\u00a0ma\u00eetre du web\u00a0\u00bb. C&rsquo;est le responsable d&rsquo;un site Web, notamment en terme de contenu et de maintenance \u00e9ditoriale. C&rsquo;est le Monsieur A-Tout Faire du web : multi-comp\u00e9tent, polyvalent et rapide !<\/li>\n<\/ul>\n<\/div>\n\t\t<\/div><\/div><\/div><\/div><\/div><\/div><\/div><\/div><\/div>","protected":false},"excerpt":{"rendered":"","protected":false},"author":2,"featured_media":0,"parent":47,"menu_order":0,"comment_status":"closed","ping_status":"closed","template":"","meta":{"footnotes":""},"class_list":["post-671","page","type-page","status-publish","hentry"],"yoast_head":"<!-- This site is optimized with the Yoast SEO plugin v27.4 - https:\/\/yoast.com\/product\/yoast-seo-wordpress\/ -->\n<title>Comp\u00e9tences : Webmastering - Trashou.com<\/title>\n<meta name=\"robots\" content=\"index, follow, max-snippet:-1, max-image-preview:large, max-video-preview:-1\" \/>\n<link rel=\"canonical\" href=\"https:\/\/trashou.com\/index.php\/competences\/webmastering\/\" \/>\n<meta property=\"og:locale\" content=\"fr_FR\" \/>\n<meta property=\"og:type\" content=\"article\" \/>\n<meta property=\"og:title\" content=\"Comp\u00e9tences : Webmastering - Trashou.com\" \/>\n<meta property=\"og:url\" content=\"https:\/\/trashou.com\/index.php\/competences\/webmastering\/\" \/>\n<meta property=\"og:site_name\" content=\"Trashou.com\" \/>\n<meta property=\"article:publisher\" content=\"https:\/\/www.facebook.com\/Trashoucom\" \/>\n<meta property=\"article:modified_time\" content=\"2019-09-26T12:20:05+00:00\" \/>\n<meta name=\"twitter:card\" content=\"summary_large_image\" \/>\n<script type=\"application\/ld+json\" class=\"yoast-schema-graph\">{\"@context\":\"https:\\\/\\\/schema.org\",\"@graph\":[{\"@type\":\"WebPage\",\"@id\":\"https:\\\/\\\/trashou.com\\\/index.php\\\/competences\\\/webmastering\\\/\",\"url\":\"https:\\\/\\\/trashou.com\\\/index.php\\\/competences\\\/webmastering\\\/\",\"name\":\"Comp\u00e9tences : Webmastering - Trashou.com\",\"isPartOf\":{\"@id\":\"https:\\\/\\\/trashou.com\\\/#website\"},\"datePublished\":\"2019-08-15T05:52:24+00:00\",\"dateModified\":\"2019-09-26T12:20:05+00:00\",\"breadcrumb\":{\"@id\":\"https:\\\/\\\/trashou.com\\\/index.php\\\/competences\\\/webmastering\\\/#breadcrumb\"},\"inLanguage\":\"fr-FR\",\"potentialAction\":[{\"@type\":\"ReadAction\",\"target\":[\"https:\\\/\\\/trashou.com\\\/index.php\\\/competences\\\/webmastering\\\/\"]}]},{\"@type\":\"BreadcrumbList\",\"@id\":\"https:\\\/\\\/trashou.com\\\/index.php\\\/competences\\\/webmastering\\\/#breadcrumb\",\"itemListElement\":[{\"@type\":\"ListItem\",\"position\":1,\"name\":\"Accueil\",\"item\":\"https:\\\/\\\/trashou.com\\\/\"},{\"@type\":\"ListItem\",\"position\":2,\"name\":\"Comp\u00e9tences\",\"item\":\"https:\\\/\\\/trashou.com\\\/index.php\\\/competences\\\/\"},{\"@type\":\"ListItem\",\"position\":3,\"name\":\"Comp\u00e9tences : Webmastering\"}]},{\"@type\":\"WebSite\",\"@id\":\"https:\\\/\\\/trashou.com\\\/#website\",\"url\":\"https:\\\/\\\/trashou.com\\\/\",\"name\":\"Trashou.com\",\"description\":\"Mettez au panier vos anciennes id\u00e9es sur internet !\",\"publisher\":{\"@id\":\"https:\\\/\\\/trashou.com\\\/#organization\"},\"potentialAction\":[{\"@type\":\"SearchAction\",\"target\":{\"@type\":\"EntryPoint\",\"urlTemplate\":\"https:\\\/\\\/trashou.com\\\/?s={search_term_string}\"},\"query-input\":{\"@type\":\"PropertyValueSpecification\",\"valueRequired\":true,\"valueName\":\"search_term_string\"}}],\"inLanguage\":\"fr-FR\"},{\"@type\":\"Organization\",\"@id\":\"https:\\\/\\\/trashou.com\\\/#organization\",\"name\":\"Trashou.com\",\"url\":\"https:\\\/\\\/trashou.com\\\/\",\"logo\":{\"@type\":\"ImageObject\",\"inLanguage\":\"fr-FR\",\"@id\":\"https:\\\/\\\/trashou.com\\\/#\\\/schema\\\/logo\\\/image\\\/\",\"url\":\"https:\\\/\\\/trashou.com\\\/wp-content\\\/uploads\\\/2019\\\/11\\\/Logo_trashou.png\",\"contentUrl\":\"https:\\\/\\\/trashou.com\\\/wp-content\\\/uploads\\\/2019\\\/11\\\/Logo_trashou.png\",\"width\":150,\"height\":26,\"caption\":\"Trashou.com\"},\"image\":{\"@id\":\"https:\\\/\\\/trashou.com\\\/#\\\/schema\\\/logo\\\/image\\\/\"},\"sameAs\":[\"https:\\\/\\\/www.facebook.com\\\/Trashoucom\",\"https:\\\/\\\/www.linkedin.com\\\/company\\\/trashou.com\\\/\"]}]}<\/script>\n<!-- \/ Yoast SEO plugin. -->","yoast_head_json":{"title":"Comp\u00e9tences : Webmastering - Trashou.com","robots":{"index":"index","follow":"follow","max-snippet":"max-snippet:-1","max-image-preview":"max-image-preview:large","max-video-preview":"max-video-preview:-1"},"canonical":"https:\/\/trashou.com\/index.php\/competences\/webmastering\/","og_locale":"fr_FR","og_type":"article","og_title":"Comp\u00e9tences : Webmastering - Trashou.com","og_url":"https:\/\/trashou.com\/index.php\/competences\/webmastering\/","og_site_name":"Trashou.com","article_publisher":"https:\/\/www.facebook.com\/Trashoucom","article_modified_time":"2019-09-26T12:20:05+00:00","twitter_card":"summary_large_image","schema":{"@context":"https:\/\/schema.org","@graph":[{"@type":"WebPage","@id":"https:\/\/trashou.com\/index.php\/competences\/webmastering\/","url":"https:\/\/trashou.com\/index.php\/competences\/webmastering\/","name":"Comp\u00e9tences : Webmastering - Trashou.com","isPartOf":{"@id":"https:\/\/trashou.com\/#website"},"datePublished":"2019-08-15T05:52:24+00:00","dateModified":"2019-09-26T12:20:05+00:00","breadcrumb":{"@id":"https:\/\/trashou.com\/index.php\/competences\/webmastering\/#breadcrumb"},"inLanguage":"fr-FR","potentialAction":[{"@type":"ReadAction","target":["https:\/\/trashou.com\/index.php\/competences\/webmastering\/"]}]},{"@type":"BreadcrumbList","@id":"https:\/\/trashou.com\/index.php\/competences\/webmastering\/#breadcrumb","itemListElement":[{"@type":"ListItem","position":1,"name":"Accueil","item":"https:\/\/trashou.com\/"},{"@type":"ListItem","position":2,"name":"Comp\u00e9tences","item":"https:\/\/trashou.com\/index.php\/competences\/"},{"@type":"ListItem","position":3,"name":"Comp\u00e9tences : Webmastering"}]},{"@type":"WebSite","@id":"https:\/\/trashou.com\/#website","url":"https:\/\/trashou.com\/","name":"Trashou.com","description":"Mettez au panier vos anciennes id\u00e9es sur internet !","publisher":{"@id":"https:\/\/trashou.com\/#organization"},"potentialAction":[{"@type":"SearchAction","target":{"@type":"EntryPoint","urlTemplate":"https:\/\/trashou.com\/?s={search_term_string}"},"query-input":{"@type":"PropertyValueSpecification","valueRequired":true,"valueName":"search_term_string"}}],"inLanguage":"fr-FR"},{"@type":"Organization","@id":"https:\/\/trashou.com\/#organization","name":"Trashou.com","url":"https:\/\/trashou.com\/","logo":{"@type":"ImageObject","inLanguage":"fr-FR","@id":"https:\/\/trashou.com\/#\/schema\/logo\/image\/","url":"https:\/\/trashou.com\/wp-content\/uploads\/2019\/11\/Logo_trashou.png","contentUrl":"https:\/\/trashou.com\/wp-content\/uploads\/2019\/11\/Logo_trashou.png","width":150,"height":26,"caption":"Trashou.com"},"image":{"@id":"https:\/\/trashou.com\/#\/schema\/logo\/image\/"},"sameAs":["https:\/\/www.facebook.com\/Trashoucom","https:\/\/www.linkedin.com\/company\/trashou.com\/"]}]}},"_links":{"self":[{"href":"https:\/\/trashou.com\/index.php\/wp-json\/wp\/v2\/pages\/671","targetHints":{"allow":["GET"]}}],"collection":[{"href":"https:\/\/trashou.com\/index.php\/wp-json\/wp\/v2\/pages"}],"about":[{"href":"https:\/\/trashou.com\/index.php\/wp-json\/wp\/v2\/types\/page"}],"author":[{"embeddable":true,"href":"https:\/\/trashou.com\/index.php\/wp-json\/wp\/v2\/users\/2"}],"replies":[{"embeddable":true,"href":"https:\/\/trashou.com\/index.php\/wp-json\/wp\/v2\/comments?post=671"}],"version-history":[{"count":17,"href":"https:\/\/trashou.com\/index.php\/wp-json\/wp\/v2\/pages\/671\/revisions"}],"predecessor-version":[{"id":1117,"href":"https:\/\/trashou.com\/index.php\/wp-json\/wp\/v2\/pages\/671\/revisions\/1117"}],"up":[{"embeddable":true,"href":"https:\/\/trashou.com\/index.php\/wp-json\/wp\/v2\/pages\/47"}],"wp:attachment":[{"href":"https:\/\/trashou.com\/index.php\/wp-json\/wp\/v2\/media?parent=671"}],"curies":[{"name":"wp","href":"https:\/\/api.w.org\/{rel}","templated":true}]}}