{"id":668,"date":"2019-08-15T07:46:56","date_gmt":"2019-08-15T05:46:56","guid":{"rendered":"http:\/\/trashou.com\/?page_id=668"},"modified":"2019-09-26T14:20:22","modified_gmt":"2019-09-26T12:20:22","slug":"developpement-php-mysql-jquery","status":"publish","type":"page","link":"https:\/\/trashou.com\/index.php\/competences\/developpement-php-mysql-jquery\/","title":{"rendered":"Comp\u00e9tences : D\u00e9veloppement dynamique PHP\/MySQL\/JQuery"},"content":{"rendered":"<div id=\"pl-gb668-69e765635a333\"  class=\"panel-layout\" ><div id=\"pg-gb668-69e765635a333-0\"  class=\"panel-grid panel-no-style\" ><div id=\"pgc-gb668-69e765635a333-0-0\"  class=\"panel-grid-cell\" ><div id=\"panel-gb668-69e765635a333-0-0-0\" class=\"so-panel widget widget_media_image panel-first-child panel-last-child\" data-index=\"0\" ><img loading=\"lazy\" decoding=\"async\" width=\"1920\" height=\"700\" src=\"https:\/\/trashou.com\/wp-content\/uploads\/2019\/09\/digital-dreams-1920x700.jpg\" class=\"image wp-image-1000  attachment-full size-full\" alt=\"\" style=\"max-width: 100%; height: auto;\" srcset=\"https:\/\/trashou.com\/wp-content\/uploads\/2019\/09\/digital-dreams-1920x700.jpg 1920w, https:\/\/trashou.com\/wp-content\/uploads\/2019\/09\/digital-dreams-1920x700-300x109.jpg 300w, https:\/\/trashou.com\/wp-content\/uploads\/2019\/09\/digital-dreams-1920x700-768x280.jpg 768w, https:\/\/trashou.com\/wp-content\/uploads\/2019\/09\/digital-dreams-1920x700-1024x373.jpg 1024w\" sizes=\"auto, (max-width: 1920px) 100vw, 1920px\" \/><\/div><\/div><\/div><div id=\"pg-gb668-69e765635a333-1\"  class=\"panel-grid panel-no-style\" ><div id=\"pgc-gb668-69e765635a333-1-0\"  class=\"panel-grid-cell\" ><div id=\"panel-gb668-69e765635a333-1-0-0\" class=\"so-panel widget widget_siteorigin-panels-builder panel-first-child panel-last-child\" data-index=\"1\" ><div id=\"pl-w5d835fb899f09\"  class=\"panel-layout\" ><div id=\"pg-w5d835fb899f09-0\"  class=\"panel-grid panel-no-style\" ><div id=\"pgc-w5d835fb899f09-0-0\"  class=\"panel-grid-cell\" ><div id=\"panel-w5d835fb899f09-0-0-0\" class=\"so-panel widget widget_text panel-first-child panel-last-child\" data-index=\"0\" >\t\t\t<div class=\"textwidget\"><p>Un <strong>site dynamique<\/strong> est un site qui utilise des pages ayant une armature fixe mais qui <strong>piochent les donn\u00e9es n\u00e9cessaires<\/strong> dans une <strong>base de donn\u00e9es<\/strong>. Cela permet, lorsque vous avez un catalogue comportant des <strong>milliers de r\u00e9f\u00e9rences<\/strong>, de mettre en ligne l&rsquo;<strong>int\u00e9gralit\u00e9 de votre catalogue sans avoir besoin de cr\u00e9er une<\/strong><strong> page par r\u00e9f\u00e9rence<\/strong>.<\/p>\n<\/div>\n\t\t<\/div><\/div><\/div><div id=\"pg-w5d835fb899f09-1\"  class=\"panel-grid panel-no-style\" ><div id=\"pgc-w5d835fb899f09-1-0\"  class=\"panel-grid-cell\" ><div id=\"panel-w5d835fb899f09-1-0-0\" class=\"so-panel widget widget_text panel-first-child panel-last-child\" data-index=\"1\" >\t\t\t<div class=\"textwidget\"><p>Pour la <strong>partie dynamique<\/strong>, j&rsquo;ins\u00e8re donc le <strong>code PHP<\/strong> n\u00e9cessaire au bon fonctionnement de la page dans le site. La gestion de la base de donn\u00e9es (mise \u00e0 jour ou extraction) se fait gr\u00e2ce au <strong>MySQL<\/strong>, langage sp\u00e9cifique aux bases de donn\u00e9es, 100% compatible avec le PHP. Cela me permet de <strong>r\u00e9aliser facilement des vitrines<\/strong> que <strong>vous pourrez mettre \u00e0 jour vous-m\u00eame<\/strong> (ajout\/modification\/suppression de r\u00e9f\u00e9rence, mise en avant de produit\u2026)<\/p>\n<\/div>\n\t\t<\/div><\/div><div id=\"pgc-w5d835fb899f09-1-1\"  class=\"panel-grid-cell\" ><div id=\"panel-w5d835fb899f09-1-1-0\" class=\"so-panel widget widget_media_image panel-first-child panel-last-child\" data-index=\"2\" ><img loading=\"lazy\" decoding=\"async\" width=\"150\" height=\"150\" src=\"https:\/\/trashou.com\/wp-content\/uploads\/2019\/08\/php-code-detail-1547407-640x480-150x150.jpg\" class=\"image wp-image-669  attachment-thumbnail size-thumbnail\" alt=\"\" style=\"max-width: 100%; height: auto;\" srcset=\"https:\/\/trashou.com\/wp-content\/uploads\/2019\/08\/php-code-detail-1547407-640x480-150x150.jpg 150w, https:\/\/trashou.com\/wp-content\/uploads\/2019\/08\/php-code-detail-1547407-640x480-300x300.jpg 300w, https:\/\/trashou.com\/wp-content\/uploads\/2019\/08\/php-code-detail-1547407-640x480-100x100.jpg 100w\" sizes=\"auto, (max-width: 150px) 100vw, 150px\" \/><\/div><\/div><\/div><div id=\"pg-w5d835fb899f09-2\"  class=\"panel-grid panel-no-style\" ><div id=\"pgc-w5d835fb899f09-2-0\"  class=\"panel-grid-cell\" ><div id=\"panel-w5d835fb899f09-2-0-0\" class=\"so-panel widget widget_text panel-first-child\" data-index=\"3\" >\t\t\t<div class=\"textwidget\"><p>Derni\u00e8re discipline acquise, le <strong>d\u00e9veloppement dynamique<\/strong> m&rsquo;a permis de r\u00e9aliser des <strong>vitrines de magasin en ligne<\/strong>, des <strong>albums photos<\/strong>, des <strong>modules d&rsquo;actualit\u00e9<\/strong>, des interfaces de <strong>gestion de newsletter<\/strong>&#8230;<\/p>\n<p>Au besoin, je suis aussi form\u00e9 aux <strong>CMS<\/strong> (WordPress, Drupal, Joomla) ou \u00e0 la solution de <strong>e-commerce<\/strong> Magento.<\/p>\n<\/div>\n\t\t<\/div><div id=\"panel-w5d835fb899f09-2-0-1\" class=\"so-panel widget widget_text panel-last-child\" data-index=\"4\" ><div class=\"flash_inherit_color panel-widget-style panel-widget-style-for-w5d835fb899f09-2-0-1\" ><h3 class=\"widget-title\">Quelques d\u00e9finitions<\/h3>\t\t\t<div class=\"textwidget\"><ul>\n<li><strong>D\u00e9veloppeur :<\/strong> Il met en place l&rsquo;infrastructure et le d\u00e9veloppement technique d&rsquo;un projet sur internet (choix du serveur, mod\u00e9lisation et d\u00e9veloppement d&rsquo;une base de donn\u00e9es, etc.)<\/li>\n<li><strong>PHP :<\/strong> (Pr\u00e9processeur Hypertexte &#8211; plate-forme serveur Linux). Ces langages construisent dans la m\u00e9moire du serveur une page suivant des crit\u00e8res pr\u00e9d\u00e9finis regroupant toutes ces informations \u00e0 partir d&rsquo;une base de donn\u00e9es avant de l&rsquo;envoyer au navigateur de l&rsquo;internaute. Cette technique est couramment utilis\u00e9e pour des sites ayant besoin de r\u00e9aliser des catalogues ou des fiches techniques en grand nombre. Un autre langage dynamique existe, il s&rsquo;agit de l&rsquo;ASP (<em>Active Server Pages <\/em>&#8211; plate-forme serveur Microsoft Windows NT). Il fonctionne sur le m\u00eame principe que le PHP mais n&rsquo;est pas gratuit et n\u00e9cessite l&rsquo;acquisition d&rsquo;une licence.<\/li>\n<li><strong>JQuery :<\/strong> Ce langage de programmation, bas\u00e9 sur le javascript, fonctionne sur le m\u00eame principe que le PHP mais n&rsquo;est pas interpr\u00e9t\u00e9 du m\u00eame c\u00f4t\u00e9. Ici, c&rsquo;est au moment du chargement de la page, du c\u00f4t\u00e9 du navigateur client, que le code entre en action.<\/li>\n<li><strong>CMS :<\/strong> (<em>Content Management System<\/em> &#8211; Syst\u00e8me de gestion de contenu). Solution ou outil permettant la gestion simple de contenu web. C&rsquo;est cet outil qui permet g\u00e9n\u00e9ralement aux Blogs de fonctionner. A l&rsquo;aide d&rsquo;un back-office simple, l&rsquo;utilisateur est \u00e0 m\u00eame de g\u00e9rer les pages et rubriques de son site.<\/li>\n<\/ul>\n<\/div>\n\t\t<\/div><\/div><\/div><\/div><\/div><\/div><\/div><\/div><\/div>","protected":false},"excerpt":{"rendered":"","protected":false},"author":2,"featured_media":0,"parent":47,"menu_order":0,"comment_status":"closed","ping_status":"closed","template":"","meta":{"footnotes":""},"class_list":["post-668","page","type-page","status-publish","hentry"],"yoast_head":"<!-- This site is optimized with the Yoast SEO plugin v27.4 - https:\/\/yoast.com\/product\/yoast-seo-wordpress\/ -->\n<title>Comp\u00e9tences : D\u00e9veloppement dynamique PHP\/MySQL\/JQuery - Trashou.com<\/title>\n<meta name=\"robots\" content=\"index, follow, max-snippet:-1, max-image-preview:large, max-video-preview:-1\" \/>\n<link rel=\"canonical\" href=\"https:\/\/trashou.com\/index.php\/competences\/developpement-php-mysql-jquery\/\" \/>\n<meta property=\"og:locale\" content=\"fr_FR\" \/>\n<meta property=\"og:type\" content=\"article\" \/>\n<meta property=\"og:title\" content=\"Comp\u00e9tences : D\u00e9veloppement dynamique PHP\/MySQL\/JQuery - Trashou.com\" \/>\n<meta property=\"og:url\" content=\"https:\/\/trashou.com\/index.php\/competences\/developpement-php-mysql-jquery\/\" \/>\n<meta property=\"og:site_name\" content=\"Trashou.com\" \/>\n<meta property=\"article:publisher\" content=\"https:\/\/www.facebook.com\/Trashoucom\" \/>\n<meta property=\"article:modified_time\" content=\"2019-09-26T12:20:22+00:00\" \/>\n<meta name=\"twitter:card\" content=\"summary_large_image\" \/>\n<script type=\"application\/ld+json\" class=\"yoast-schema-graph\">{\"@context\":\"https:\\\/\\\/schema.org\",\"@graph\":[{\"@type\":\"WebPage\",\"@id\":\"https:\\\/\\\/trashou.com\\\/index.php\\\/competences\\\/developpement-php-mysql-jquery\\\/\",\"url\":\"https:\\\/\\\/trashou.com\\\/index.php\\\/competences\\\/developpement-php-mysql-jquery\\\/\",\"name\":\"Comp\u00e9tences : D\u00e9veloppement dynamique PHP\\\/MySQL\\\/JQuery - Trashou.com\",\"isPartOf\":{\"@id\":\"https:\\\/\\\/trashou.com\\\/#website\"},\"datePublished\":\"2019-08-15T05:46:56+00:00\",\"dateModified\":\"2019-09-26T12:20:22+00:00\",\"breadcrumb\":{\"@id\":\"https:\\\/\\\/trashou.com\\\/index.php\\\/competences\\\/developpement-php-mysql-jquery\\\/#breadcrumb\"},\"inLanguage\":\"fr-FR\",\"potentialAction\":[{\"@type\":\"ReadAction\",\"target\":[\"https:\\\/\\\/trashou.com\\\/index.php\\\/competences\\\/developpement-php-mysql-jquery\\\/\"]}]},{\"@type\":\"BreadcrumbList\",\"@id\":\"https:\\\/\\\/trashou.com\\\/index.php\\\/competences\\\/developpement-php-mysql-jquery\\\/#breadcrumb\",\"itemListElement\":[{\"@type\":\"ListItem\",\"position\":1,\"name\":\"Accueil\",\"item\":\"https:\\\/\\\/trashou.com\\\/\"},{\"@type\":\"ListItem\",\"position\":2,\"name\":\"Comp\u00e9tences\",\"item\":\"https:\\\/\\\/trashou.com\\\/index.php\\\/competences\\\/\"},{\"@type\":\"ListItem\",\"position\":3,\"name\":\"Comp\u00e9tences : D\u00e9veloppement dynamique PHP\\\/MySQL\\\/JQuery\"}]},{\"@type\":\"WebSite\",\"@id\":\"https:\\\/\\\/trashou.com\\\/#website\",\"url\":\"https:\\\/\\\/trashou.com\\\/\",\"name\":\"Trashou.com\",\"description\":\"Mettez au panier vos anciennes id\u00e9es sur internet !\",\"publisher\":{\"@id\":\"https:\\\/\\\/trashou.com\\\/#organization\"},\"potentialAction\":[{\"@type\":\"SearchAction\",\"target\":{\"@type\":\"EntryPoint\",\"urlTemplate\":\"https:\\\/\\\/trashou.com\\\/?s={search_term_string}\"},\"query-input\":{\"@type\":\"PropertyValueSpecification\",\"valueRequired\":true,\"valueName\":\"search_term_string\"}}],\"inLanguage\":\"fr-FR\"},{\"@type\":\"Organization\",\"@id\":\"https:\\\/\\\/trashou.com\\\/#organization\",\"name\":\"Trashou.com\",\"url\":\"https:\\\/\\\/trashou.com\\\/\",\"logo\":{\"@type\":\"ImageObject\",\"inLanguage\":\"fr-FR\",\"@id\":\"https:\\\/\\\/trashou.com\\\/#\\\/schema\\\/logo\\\/image\\\/\",\"url\":\"https:\\\/\\\/trashou.com\\\/wp-content\\\/uploads\\\/2019\\\/11\\\/Logo_trashou.png\",\"contentUrl\":\"https:\\\/\\\/trashou.com\\\/wp-content\\\/uploads\\\/2019\\\/11\\\/Logo_trashou.png\",\"width\":150,\"height\":26,\"caption\":\"Trashou.com\"},\"image\":{\"@id\":\"https:\\\/\\\/trashou.com\\\/#\\\/schema\\\/logo\\\/image\\\/\"},\"sameAs\":[\"https:\\\/\\\/www.facebook.com\\\/Trashoucom\",\"https:\\\/\\\/www.linkedin.com\\\/company\\\/trashou.com\\\/\"]}]}<\/script>\n<!-- \/ Yoast SEO plugin. -->","yoast_head_json":{"title":"Comp\u00e9tences : D\u00e9veloppement dynamique PHP\/MySQL\/JQuery - Trashou.com","robots":{"index":"index","follow":"follow","max-snippet":"max-snippet:-1","max-image-preview":"max-image-preview:large","max-video-preview":"max-video-preview:-1"},"canonical":"https:\/\/trashou.com\/index.php\/competences\/developpement-php-mysql-jquery\/","og_locale":"fr_FR","og_type":"article","og_title":"Comp\u00e9tences : D\u00e9veloppement dynamique PHP\/MySQL\/JQuery - Trashou.com","og_url":"https:\/\/trashou.com\/index.php\/competences\/developpement-php-mysql-jquery\/","og_site_name":"Trashou.com","article_publisher":"https:\/\/www.facebook.com\/Trashoucom","article_modified_time":"2019-09-26T12:20:22+00:00","twitter_card":"summary_large_image","schema":{"@context":"https:\/\/schema.org","@graph":[{"@type":"WebPage","@id":"https:\/\/trashou.com\/index.php\/competences\/developpement-php-mysql-jquery\/","url":"https:\/\/trashou.com\/index.php\/competences\/developpement-php-mysql-jquery\/","name":"Comp\u00e9tences : D\u00e9veloppement dynamique PHP\/MySQL\/JQuery - Trashou.com","isPartOf":{"@id":"https:\/\/trashou.com\/#website"},"datePublished":"2019-08-15T05:46:56+00:00","dateModified":"2019-09-26T12:20:22+00:00","breadcrumb":{"@id":"https:\/\/trashou.com\/index.php\/competences\/developpement-php-mysql-jquery\/#breadcrumb"},"inLanguage":"fr-FR","potentialAction":[{"@type":"ReadAction","target":["https:\/\/trashou.com\/index.php\/competences\/developpement-php-mysql-jquery\/"]}]},{"@type":"BreadcrumbList","@id":"https:\/\/trashou.com\/index.php\/competences\/developpement-php-mysql-jquery\/#breadcrumb","itemListElement":[{"@type":"ListItem","position":1,"name":"Accueil","item":"https:\/\/trashou.com\/"},{"@type":"ListItem","position":2,"name":"Comp\u00e9tences","item":"https:\/\/trashou.com\/index.php\/competences\/"},{"@type":"ListItem","position":3,"name":"Comp\u00e9tences : D\u00e9veloppement dynamique PHP\/MySQL\/JQuery"}]},{"@type":"WebSite","@id":"https:\/\/trashou.com\/#website","url":"https:\/\/trashou.com\/","name":"Trashou.com","description":"Mettez au panier vos anciennes id\u00e9es sur internet !","publisher":{"@id":"https:\/\/trashou.com\/#organization"},"potentialAction":[{"@type":"SearchAction","target":{"@type":"EntryPoint","urlTemplate":"https:\/\/trashou.com\/?s={search_term_string}"},"query-input":{"@type":"PropertyValueSpecification","valueRequired":true,"valueName":"search_term_string"}}],"inLanguage":"fr-FR"},{"@type":"Organization","@id":"https:\/\/trashou.com\/#organization","name":"Trashou.com","url":"https:\/\/trashou.com\/","logo":{"@type":"ImageObject","inLanguage":"fr-FR","@id":"https:\/\/trashou.com\/#\/schema\/logo\/image\/","url":"https:\/\/trashou.com\/wp-content\/uploads\/2019\/11\/Logo_trashou.png","contentUrl":"https:\/\/trashou.com\/wp-content\/uploads\/2019\/11\/Logo_trashou.png","width":150,"height":26,"caption":"Trashou.com"},"image":{"@id":"https:\/\/trashou.com\/#\/schema\/logo\/image\/"},"sameAs":["https:\/\/www.facebook.com\/Trashoucom","https:\/\/www.linkedin.com\/company\/trashou.com\/"]}]}},"_links":{"self":[{"href":"https:\/\/trashou.com\/index.php\/wp-json\/wp\/v2\/pages\/668","targetHints":{"allow":["GET"]}}],"collection":[{"href":"https:\/\/trashou.com\/index.php\/wp-json\/wp\/v2\/pages"}],"about":[{"href":"https:\/\/trashou.com\/index.php\/wp-json\/wp\/v2\/types\/page"}],"author":[{"embeddable":true,"href":"https:\/\/trashou.com\/index.php\/wp-json\/wp\/v2\/users\/2"}],"replies":[{"embeddable":true,"href":"https:\/\/trashou.com\/index.php\/wp-json\/wp\/v2\/comments?post=668"}],"version-history":[{"count":11,"href":"https:\/\/trashou.com\/index.php\/wp-json\/wp\/v2\/pages\/668\/revisions"}],"predecessor-version":[{"id":1122,"href":"https:\/\/trashou.com\/index.php\/wp-json\/wp\/v2\/pages\/668\/revisions\/1122"}],"up":[{"embeddable":true,"href":"https:\/\/trashou.com\/index.php\/wp-json\/wp\/v2\/pages\/47"}],"wp:attachment":[{"href":"https:\/\/trashou.com\/index.php\/wp-json\/wp\/v2\/media?parent=668"}],"curies":[{"name":"wp","href":"https:\/\/api.w.org\/{rel}","templated":true}]}}