{"id":658,"date":"2019-08-14T17:22:21","date_gmt":"2019-08-14T15:22:21","guid":{"rendered":"http:\/\/trashou.com\/?page_id=658"},"modified":"2019-09-26T14:20:11","modified_gmt":"2019-09-26T12:20:11","slug":"gestion-projets","status":"publish","type":"page","link":"https:\/\/trashou.com\/index.php\/competences\/gestion-projets\/","title":{"rendered":"Comp\u00e9tences : Gestion de projets"},"content":{"rendered":"<div id=\"pl-gb658-69e75dae64000\"  class=\"panel-layout\" ><div id=\"pg-gb658-69e75dae64000-0\"  class=\"panel-grid panel-no-style\" ><div id=\"pgc-gb658-69e75dae64000-0-0\"  class=\"panel-grid-cell\" ><div id=\"panel-gb658-69e75dae64000-0-0-0\" class=\"so-panel widget widget_media_image panel-first-child panel-last-child\" data-index=\"0\" ><img loading=\"lazy\" decoding=\"async\" width=\"1920\" height=\"700\" src=\"https:\/\/trashou.com\/wp-content\/uploads\/2019\/09\/digital-dreams-1920x700.jpg\" class=\"image wp-image-1000  attachment-full size-full\" alt=\"\" style=\"max-width: 100%; height: auto;\" srcset=\"https:\/\/trashou.com\/wp-content\/uploads\/2019\/09\/digital-dreams-1920x700.jpg 1920w, https:\/\/trashou.com\/wp-content\/uploads\/2019\/09\/digital-dreams-1920x700-300x109.jpg 300w, https:\/\/trashou.com\/wp-content\/uploads\/2019\/09\/digital-dreams-1920x700-768x280.jpg 768w, https:\/\/trashou.com\/wp-content\/uploads\/2019\/09\/digital-dreams-1920x700-1024x373.jpg 1024w\" sizes=\"auto, (max-width: 1920px) 100vw, 1920px\" \/><\/div><\/div><\/div><div id=\"pg-gb658-69e75dae64000-1\"  class=\"panel-grid panel-no-style\" ><div id=\"pgc-gb658-69e75dae64000-1-0\"  class=\"panel-grid-cell\" ><div id=\"panel-gb658-69e75dae64000-1-0-0\" class=\"so-panel widget widget_siteorigin-panels-builder panel-first-child panel-last-child\" data-index=\"1\" ><div id=\"pl-w5d835fcdc45bf\"  class=\"panel-layout\" ><div id=\"pg-w5d835fcdc45bf-0\"  class=\"panel-grid panel-no-style\" ><div id=\"pgc-w5d835fcdc45bf-0-0\"  class=\"panel-grid-cell\" ><div id=\"panel-w5d835fcdc45bf-0-0-0\" class=\"so-panel widget widget_text panel-first-child panel-last-child\" data-index=\"0\" >\t\t\t<div class=\"textwidget\"><p>La <strong>gestion de projets<\/strong> consiste \u00e0 <strong>coordonner les diff\u00e9rentes actions \u00e0 faire<\/strong> pour la r\u00e9alisation du dit projet. Elle est chapeaut\u00e9e par un <strong>chef de projet<\/strong> qui assure la <strong>coordination des diff\u00e9rents intervenants<\/strong> (<strong>graphistes<\/strong>, <strong>d\u00e9veloppeurs<\/strong>, <strong>int\u00e9grateurs<\/strong>, <strong>r\u00e9f\u00e9renceurs<\/strong>, en <strong>interne<\/strong> ou en <strong>externalisation<\/strong> (sous-traitants, prestataires)&#8230;)<br \/>\nLa <strong>gestion de projets<\/strong> est n\u00e9cessaire pour tenir un <strong>planning de d\u00e9veloppement<\/strong> et doit \u00eatre mise en place quelque soit la taille du projet. Certes, la gestion d&rsquo;un petit site internet en HTML sera moins complexe que celle d&rsquo;un <strong>CRM<\/strong> (gestion de la relation client), d&rsquo;un <strong>extranet<\/strong> ou d&rsquo;un <strong>intranet<\/strong>.<\/p>\n<\/div>\n\t\t<\/div><\/div><\/div><div id=\"pg-w5d835fcdc45bf-1\"  class=\"panel-grid panel-no-style\" ><div id=\"pgc-w5d835fcdc45bf-1-0\"  class=\"panel-grid-cell\" ><div id=\"panel-w5d835fcdc45bf-1-0-0\" class=\"so-panel widget widget_text panel-first-child panel-last-child\" data-index=\"1\" >\t\t\t<div class=\"textwidget\"><p>Le <strong>chef de projet<\/strong> doit d\u00e9terminer en premier lieu, par une <strong>analyse fonctionnelle<\/strong>, les <strong>contraintes techniques et mat\u00e9rielles<\/strong> du projet, ainsi que cerner au mieux les <strong>besoins des utilisateurs et des commanditaires<\/strong>. Cette analyse doit aussi permettre de d\u00e9terminer un ratio <strong>Qualit\u00e9\/Co\u00fbt\/D\u00e9lai<\/strong>.<\/p>\n<\/div>\n\t\t<\/div><\/div><div id=\"pgc-w5d835fcdc45bf-1-1\"  class=\"panel-grid-cell\" ><div id=\"panel-w5d835fcdc45bf-1-1-0\" class=\"so-panel widget widget_media_image panel-first-child panel-last-child\" data-index=\"2\" ><img loading=\"lazy\" decoding=\"async\" width=\"150\" height=\"150\" src=\"https:\/\/trashou.com\/wp-content\/uploads\/2019\/08\/astronomical-clock-1227051-639x852-150x150.jpg\" class=\"image wp-image-663  attachment-thumbnail size-thumbnail\" alt=\"\" style=\"max-width: 100%; height: auto;\" srcset=\"https:\/\/trashou.com\/wp-content\/uploads\/2019\/08\/astronomical-clock-1227051-639x852-150x150.jpg 150w, https:\/\/trashou.com\/wp-content\/uploads\/2019\/08\/astronomical-clock-1227051-639x852-300x300.jpg 300w, https:\/\/trashou.com\/wp-content\/uploads\/2019\/08\/astronomical-clock-1227051-639x852-100x100.jpg 100w\" sizes=\"auto, (max-width: 150px) 100vw, 150px\" \/><\/div><\/div><\/div><div id=\"pg-w5d835fcdc45bf-2\"  class=\"panel-grid panel-no-style\" ><div id=\"pgc-w5d835fcdc45bf-2-0\"  class=\"panel-grid-cell\" ><div id=\"panel-w5d835fcdc45bf-2-0-0\" class=\"so-panel widget widget_text panel-first-child\" data-index=\"3\" >\t\t\t<div class=\"textwidget\"><p>Je suis <strong>chef de projet<\/strong> sur la majorit\u00e9 de mes r\u00e9alisations. Etant le seul intervenant, je cumule cette fonction avec mes autres comp\u00e9tences. N\u00e9anmoins, j&rsquo;ai pu, sur certains projets <strong>assurer la gestion des diff\u00e9rents intervenants<\/strong> (graphistes, d\u00e9veloppeurs, r\u00e9f\u00e9renceurs, sous-traitants, prestataires externes, h\u00e9bergeurs&#8230;)<\/p>\n<p>J&rsquo;ai \u00e9t\u00e9 amen\u00e9 \u00e0 utiliser diff\u00e9rents outils (<strong>Jira<\/strong>, <strong>Redmine<\/strong>, <strong>Project<\/strong>) et m\u00e9thodes (<strong>MERISE<\/strong>, <strong>Gant<\/strong>, <strong>Pert<\/strong>, <strong>Agile<\/strong>, <strong>Scrum<\/strong>&#8230;) afin de m&rsquo;aider \u00e0 r\u00e9aliser certains projets.<\/p>\n<\/div>\n\t\t<\/div><div id=\"panel-w5d835fcdc45bf-2-0-1\" class=\"so-panel widget widget_text panel-last-child\" data-index=\"4\" ><div class=\"flash_inherit_color panel-widget-style panel-widget-style-for-w5d835fcdc45bf-2-0-1\" ><h3 class=\"widget-title\">Quelques d\u00e9finitions<\/h3>\t\t\t<div class=\"textwidget\"><ul>\n<li><strong>CRM :<\/strong> De l&rsquo;anglais \u00ab\u00a0<em>Customer Relationship Management<\/em>\u00ab\u00a0, signifiant \u00ab\u00a0gestion de la relation client\u00a0\u00bb. Solution permettant de suivre une commande client via un site internet, d&rsquo;\u00e9tablir une fid\u00e9lisation de la client\u00e8le en offrant des services personnalis\u00e9s&#8230;<\/li>\n<li><strong>M\u00e9thode Agile :<\/strong> Permet de g\u00e9rer un projet par it\u00e9rations. Le projet avance donc petit bloc fonctionnel par petit bloc fonctionnel. Cela permet de livrer des projets plus rapidement, de fa\u00e7on plus efficace et permet aussi un d\u00e9bugage plus pr\u00e9cis. Le SCRUM est une des m\u00e9thode Agile que je pratique.<\/li>\n<\/ul>\n<\/div>\n\t\t<\/div><\/div><\/div><\/div><\/div><\/div><\/div><\/div><\/div>\n\n\n<p><\/p>\n","protected":false},"excerpt":{"rendered":"","protected":false},"author":2,"featured_media":0,"parent":47,"menu_order":0,"comment_status":"closed","ping_status":"closed","template":"","meta":{"footnotes":""},"class_list":["post-658","page","type-page","status-publish","hentry"],"yoast_head":"<!-- This site is optimized with the Yoast SEO plugin v27.4 - https:\/\/yoast.com\/product\/yoast-seo-wordpress\/ -->\n<title>Comp\u00e9tences : Gestion de projets - Trashou.com<\/title>\n<meta name=\"robots\" content=\"index, follow, max-snippet:-1, max-image-preview:large, max-video-preview:-1\" \/>\n<link rel=\"canonical\" href=\"https:\/\/trashou.com\/index.php\/competences\/gestion-projets\/\" \/>\n<meta property=\"og:locale\" content=\"fr_FR\" \/>\n<meta property=\"og:type\" content=\"article\" \/>\n<meta property=\"og:title\" content=\"Comp\u00e9tences : Gestion de projets - Trashou.com\" \/>\n<meta property=\"og:url\" content=\"https:\/\/trashou.com\/index.php\/competences\/gestion-projets\/\" \/>\n<meta property=\"og:site_name\" content=\"Trashou.com\" \/>\n<meta property=\"article:publisher\" content=\"https:\/\/www.facebook.com\/Trashoucom\" \/>\n<meta property=\"article:modified_time\" content=\"2019-09-26T12:20:11+00:00\" \/>\n<meta name=\"twitter:card\" content=\"summary_large_image\" \/>\n<script type=\"application\/ld+json\" class=\"yoast-schema-graph\">{\"@context\":\"https:\\\/\\\/schema.org\",\"@graph\":[{\"@type\":\"WebPage\",\"@id\":\"https:\\\/\\\/trashou.com\\\/index.php\\\/competences\\\/gestion-projets\\\/\",\"url\":\"https:\\\/\\\/trashou.com\\\/index.php\\\/competences\\\/gestion-projets\\\/\",\"name\":\"Comp\u00e9tences : Gestion de projets - Trashou.com\",\"isPartOf\":{\"@id\":\"https:\\\/\\\/trashou.com\\\/#website\"},\"datePublished\":\"2019-08-14T15:22:21+00:00\",\"dateModified\":\"2019-09-26T12:20:11+00:00\",\"breadcrumb\":{\"@id\":\"https:\\\/\\\/trashou.com\\\/index.php\\\/competences\\\/gestion-projets\\\/#breadcrumb\"},\"inLanguage\":\"fr-FR\",\"potentialAction\":[{\"@type\":\"ReadAction\",\"target\":[\"https:\\\/\\\/trashou.com\\\/index.php\\\/competences\\\/gestion-projets\\\/\"]}]},{\"@type\":\"BreadcrumbList\",\"@id\":\"https:\\\/\\\/trashou.com\\\/index.php\\\/competences\\\/gestion-projets\\\/#breadcrumb\",\"itemListElement\":[{\"@type\":\"ListItem\",\"position\":1,\"name\":\"Accueil\",\"item\":\"https:\\\/\\\/trashou.com\\\/\"},{\"@type\":\"ListItem\",\"position\":2,\"name\":\"Comp\u00e9tences\",\"item\":\"https:\\\/\\\/trashou.com\\\/index.php\\\/competences\\\/\"},{\"@type\":\"ListItem\",\"position\":3,\"name\":\"Comp\u00e9tences : Gestion de projets\"}]},{\"@type\":\"WebSite\",\"@id\":\"https:\\\/\\\/trashou.com\\\/#website\",\"url\":\"https:\\\/\\\/trashou.com\\\/\",\"name\":\"Trashou.com\",\"description\":\"Mettez au panier vos anciennes id\u00e9es sur internet !\",\"publisher\":{\"@id\":\"https:\\\/\\\/trashou.com\\\/#organization\"},\"potentialAction\":[{\"@type\":\"SearchAction\",\"target\":{\"@type\":\"EntryPoint\",\"urlTemplate\":\"https:\\\/\\\/trashou.com\\\/?s={search_term_string}\"},\"query-input\":{\"@type\":\"PropertyValueSpecification\",\"valueRequired\":true,\"valueName\":\"search_term_string\"}}],\"inLanguage\":\"fr-FR\"},{\"@type\":\"Organization\",\"@id\":\"https:\\\/\\\/trashou.com\\\/#organization\",\"name\":\"Trashou.com\",\"url\":\"https:\\\/\\\/trashou.com\\\/\",\"logo\":{\"@type\":\"ImageObject\",\"inLanguage\":\"fr-FR\",\"@id\":\"https:\\\/\\\/trashou.com\\\/#\\\/schema\\\/logo\\\/image\\\/\",\"url\":\"https:\\\/\\\/trashou.com\\\/wp-content\\\/uploads\\\/2019\\\/11\\\/Logo_trashou.png\",\"contentUrl\":\"https:\\\/\\\/trashou.com\\\/wp-content\\\/uploads\\\/2019\\\/11\\\/Logo_trashou.png\",\"width\":150,\"height\":26,\"caption\":\"Trashou.com\"},\"image\":{\"@id\":\"https:\\\/\\\/trashou.com\\\/#\\\/schema\\\/logo\\\/image\\\/\"},\"sameAs\":[\"https:\\\/\\\/www.facebook.com\\\/Trashoucom\",\"https:\\\/\\\/www.linkedin.com\\\/company\\\/trashou.com\\\/\"]}]}<\/script>\n<!-- \/ Yoast SEO plugin. -->","yoast_head_json":{"title":"Comp\u00e9tences : Gestion de projets - Trashou.com","robots":{"index":"index","follow":"follow","max-snippet":"max-snippet:-1","max-image-preview":"max-image-preview:large","max-video-preview":"max-video-preview:-1"},"canonical":"https:\/\/trashou.com\/index.php\/competences\/gestion-projets\/","og_locale":"fr_FR","og_type":"article","og_title":"Comp\u00e9tences : Gestion de projets - Trashou.com","og_url":"https:\/\/trashou.com\/index.php\/competences\/gestion-projets\/","og_site_name":"Trashou.com","article_publisher":"https:\/\/www.facebook.com\/Trashoucom","article_modified_time":"2019-09-26T12:20:11+00:00","twitter_card":"summary_large_image","schema":{"@context":"https:\/\/schema.org","@graph":[{"@type":"WebPage","@id":"https:\/\/trashou.com\/index.php\/competences\/gestion-projets\/","url":"https:\/\/trashou.com\/index.php\/competences\/gestion-projets\/","name":"Comp\u00e9tences : Gestion de projets - Trashou.com","isPartOf":{"@id":"https:\/\/trashou.com\/#website"},"datePublished":"2019-08-14T15:22:21+00:00","dateModified":"2019-09-26T12:20:11+00:00","breadcrumb":{"@id":"https:\/\/trashou.com\/index.php\/competences\/gestion-projets\/#breadcrumb"},"inLanguage":"fr-FR","potentialAction":[{"@type":"ReadAction","target":["https:\/\/trashou.com\/index.php\/competences\/gestion-projets\/"]}]},{"@type":"BreadcrumbList","@id":"https:\/\/trashou.com\/index.php\/competences\/gestion-projets\/#breadcrumb","itemListElement":[{"@type":"ListItem","position":1,"name":"Accueil","item":"https:\/\/trashou.com\/"},{"@type":"ListItem","position":2,"name":"Comp\u00e9tences","item":"https:\/\/trashou.com\/index.php\/competences\/"},{"@type":"ListItem","position":3,"name":"Comp\u00e9tences : Gestion de projets"}]},{"@type":"WebSite","@id":"https:\/\/trashou.com\/#website","url":"https:\/\/trashou.com\/","name":"Trashou.com","description":"Mettez au panier vos anciennes id\u00e9es sur internet !","publisher":{"@id":"https:\/\/trashou.com\/#organization"},"potentialAction":[{"@type":"SearchAction","target":{"@type":"EntryPoint","urlTemplate":"https:\/\/trashou.com\/?s={search_term_string}"},"query-input":{"@type":"PropertyValueSpecification","valueRequired":true,"valueName":"search_term_string"}}],"inLanguage":"fr-FR"},{"@type":"Organization","@id":"https:\/\/trashou.com\/#organization","name":"Trashou.com","url":"https:\/\/trashou.com\/","logo":{"@type":"ImageObject","inLanguage":"fr-FR","@id":"https:\/\/trashou.com\/#\/schema\/logo\/image\/","url":"https:\/\/trashou.com\/wp-content\/uploads\/2019\/11\/Logo_trashou.png","contentUrl":"https:\/\/trashou.com\/wp-content\/uploads\/2019\/11\/Logo_trashou.png","width":150,"height":26,"caption":"Trashou.com"},"image":{"@id":"https:\/\/trashou.com\/#\/schema\/logo\/image\/"},"sameAs":["https:\/\/www.facebook.com\/Trashoucom","https:\/\/www.linkedin.com\/company\/trashou.com\/"]}]}},"_links":{"self":[{"href":"https:\/\/trashou.com\/index.php\/wp-json\/wp\/v2\/pages\/658","targetHints":{"allow":["GET"]}}],"collection":[{"href":"https:\/\/trashou.com\/index.php\/wp-json\/wp\/v2\/pages"}],"about":[{"href":"https:\/\/trashou.com\/index.php\/wp-json\/wp\/v2\/types\/page"}],"author":[{"embeddable":true,"href":"https:\/\/trashou.com\/index.php\/wp-json\/wp\/v2\/users\/2"}],"replies":[{"embeddable":true,"href":"https:\/\/trashou.com\/index.php\/wp-json\/wp\/v2\/comments?post=658"}],"version-history":[{"count":13,"href":"https:\/\/trashou.com\/index.php\/wp-json\/wp\/v2\/pages\/658\/revisions"}],"predecessor-version":[{"id":1119,"href":"https:\/\/trashou.com\/index.php\/wp-json\/wp\/v2\/pages\/658\/revisions\/1119"}],"up":[{"embeddable":true,"href":"https:\/\/trashou.com\/index.php\/wp-json\/wp\/v2\/pages\/47"}],"wp:attachment":[{"href":"https:\/\/trashou.com\/index.php\/wp-json\/wp\/v2\/media?parent=658"}],"curies":[{"name":"wp","href":"https:\/\/api.w.org\/{rel}","templated":true}]}}