{"id":47,"date":"2019-08-13T17:04:17","date_gmt":"2019-08-13T15:04:17","guid":{"rendered":"http:\/\/trashou.com\/?page_id=47"},"modified":"2025-08-26T09:24:37","modified_gmt":"2025-08-26T07:24:37","slug":"competences","status":"publish","type":"page","link":"https:\/\/trashou.com\/index.php\/competences\/","title":{"rendered":"Comp\u00e9tences"},"content":{"rendered":"<div id=\"pl-gb47-69e75d720b035\"  class=\"panel-layout wp-block-siteorigin-panels-layout-block\" ><div id=\"pg-gb47-69e75d720b035-0\"  class=\"panel-grid panel-no-style\" ><div id=\"pgc-gb47-69e75d720b035-0-0\"  class=\"panel-grid-cell\" ><div id=\"panel-gb47-69e75d720b035-0-0-0\" class=\"so-panel widget widget_media_image panel-first-child panel-last-child\" data-index=\"0\" ><img loading=\"lazy\" decoding=\"async\" width=\"1920\" height=\"700\" src=\"https:\/\/trashou.com\/wp-content\/uploads\/2019\/09\/digital-dreams-1920x700.jpg\" class=\"image wp-image-1000  attachment-full size-full\" alt=\"\" style=\"max-width: 100%; height: auto;\" srcset=\"https:\/\/trashou.com\/wp-content\/uploads\/2019\/09\/digital-dreams-1920x700.jpg 1920w, https:\/\/trashou.com\/wp-content\/uploads\/2019\/09\/digital-dreams-1920x700-300x109.jpg 300w, https:\/\/trashou.com\/wp-content\/uploads\/2019\/09\/digital-dreams-1920x700-768x280.jpg 768w, https:\/\/trashou.com\/wp-content\/uploads\/2019\/09\/digital-dreams-1920x700-1024x373.jpg 1024w\" sizes=\"auto, (max-width: 1920px) 100vw, 1920px\" \/><\/div><\/div><\/div><div id=\"pg-gb47-69e75d720b035-1\"  class=\"panel-grid panel-no-style\" ><div id=\"pgc-gb47-69e75d720b035-1-0\"  class=\"panel-grid-cell\" ><div id=\"panel-gb47-69e75d720b035-1-0-0\" class=\"so-panel widget widget_siteorigin-panels-builder panel-first-child panel-last-child\" data-index=\"1\" ><div id=\"pl-w5fbd340f3f23e\"  class=\"panel-layout wp-block-siteorigin-panels-layout-block\" ><div id=\"pg-w5fbd340f3f23e-0\"  class=\"panel-grid panel-no-style\" ><div id=\"pgc-w5fbd340f3f23e-0-0\"  class=\"panel-grid-cell\" ><div id=\"panel-w5fbd340f3f23e-0-0-0\" class=\"so-panel widget widget_text panel-first-child panel-last-child\" data-index=\"0\" >\t\t\t<div class=\"textwidget\"><p><img loading=\"lazy\" decoding=\"async\" class=\"alignright size-thumbnail wp-image-1568\" src=\"https:\/\/trashou.com\/wp-content\/uploads\/2020\/04\/P1100738NB-150x150.jpg\" alt=\"Fabien Laroche - Trashou.com\" width=\"150\" height=\"150\" srcset=\"https:\/\/trashou.com\/wp-content\/uploads\/2020\/04\/P1100738NB-150x150.jpg 150w, https:\/\/trashou.com\/wp-content\/uploads\/2020\/04\/P1100738NB-300x300.jpg 300w\" sizes=\"auto, (max-width: 150px) 100vw, 150px\" \/>Utilisant Internet <strong>depuis 1995<\/strong> et travaillant dans ce milieu <strong>depuis 2000<\/strong>, je me suis sp\u00e9cialis\u00e9, au sein de plusieurs webagencies de la r\u00e9gion Rh\u00f4ne-Alpes, dans l&rsquo;<strong>int\u00e9gration HTML<\/strong>, le <strong>d\u00e9veloppement PHP<\/strong>, le <strong>webmastering<\/strong>, le <strong>r\u00e9f\u00e9rencement<\/strong> ainsi que la <strong>gestion de projets<\/strong> et la <strong>gestion de communaut\u00e9s<\/strong>&#8230;<\/p>\n<p>Etant l&rsquo;<strong>unique interlocuteur \u00e0 votre \u00e9coute<\/strong>, je vous fournirai une <strong>prestation en ad\u00e9quation avec vos attentes<\/strong> : nous <strong>cernerons ensemble<\/strong> vos besoins en fonction de votre budget, vos envies tout <strong>en restant coh\u00e9rent<\/strong> avec l&rsquo;image que vous souhaitez transmettre et <strong>avec la communication que vous utilisez<\/strong> peut-\u00eatre d\u00e9j\u00e0.<\/p>\n<\/div>\n\t\t<\/div><\/div><\/div><div id=\"pg-w5fbd340f3f23e-1\"  class=\"panel-grid panel-no-style\" ><div id=\"pgc-w5fbd340f3f23e-1-0\"  class=\"panel-grid-cell\" ><div id=\"panel-w5fbd340f3f23e-1-0-0\" class=\"so-panel widget widget_text panel-first-child panel-last-child\" data-index=\"1\" >\t\t\t<div class=\"textwidget\"><p><img loading=\"lazy\" decoding=\"async\" class=\"alignright size-thumbnail wp-image-651\" src=\"https:\/\/trashou.com\/wp-content\/uploads\/2019\/08\/keys-1196057-1279x1705-150x150.jpg\" alt=\"\" width=\"150\" height=\"150\" srcset=\"https:\/\/trashou.com\/wp-content\/uploads\/2019\/08\/keys-1196057-1279x1705-150x150.jpg 150w, https:\/\/trashou.com\/wp-content\/uploads\/2019\/08\/keys-1196057-1279x1705-300x300.jpg 300w, https:\/\/trashou.com\/wp-content\/uploads\/2019\/08\/keys-1196057-1279x1705-100x100.jpg 100w\" sizes=\"auto, (max-width: 150px) 100vw, 150px\" \/><\/p>\n<ul>\n<li><a title=\"gestion projets\" href=\"https:\/\/trashou.com\/index.php\/competences\/gestion-projets\/\">Gestion de projet <\/a><\/li>\n<li><a title=\"ux design\" href=\"https:\/\/trashou.com\/index.php\/competences\/competences-ux-design\/\">UX Design<\/a><\/li>\n<li><a title=\"int\u00e9gration HTML\" href=\"https:\/\/trashou.com\/index.php\/competences\/integration-html-css\/\"> Int\u00e9gration HTML\/CSS<\/a><\/li>\n<li><a title=\"d\u00e9veloppement dynamique PHP\" href=\"https:\/\/trashou.com\/index.php\/competences\/developpement-php-mysql-jquery\/\"> D\u00e9veloppement dynamique PHP\/MySQL<\/a><\/li>\n<li><a title=\"webmastering\" href=\"https:\/\/trashou.com\/index.php\/competences\/webmastering\/\"> Webmastering<\/a><\/li>\n<li><a title=\"r\u00e9f\u00e9rencement\" href=\"https:\/\/trashou.com\/index.php\/competences\/referencement\/\">R\u00e9f\u00e9rencement<\/a><\/li>\n<li><a href=\"https:\/\/trashou.com\/index.php\/competences\/community-manager\/\">Gestion de communaut\u00e9<\/a> (<em>Community management<\/em>)<\/li>\n<\/ul>\n<\/div>\n\t\t<\/div><\/div><\/div><div id=\"pg-w5fbd340f3f23e-2\"  class=\"panel-grid panel-no-style\" ><div id=\"pgc-w5fbd340f3f23e-2-0\"  class=\"panel-grid-cell\" ><div id=\"panel-w5fbd340f3f23e-2-0-0\" class=\"so-panel widget widget_text panel-first-child\" data-index=\"2\" >\t\t\t<div class=\"textwidget\"><p>Reste \u00e0 ajouter \u00e0 cela quelques comp\u00e9tences en <strong>graphisme<\/strong> (pour la r\u00e9alisation de chartes graphiques, banni\u00e8res, boutons&#8230;), en <strong>marketing<\/strong> (il faut bien penser \u00e0 vendre le produit du client), en <strong>conseil et strat\u00e9gie digitale<\/strong> (savoir comment vendre ou parler d&rsquo;un produit, o\u00f9 et \u00e0 qui, \u00e0 quelles \u00e9ch\u00e9ances) et en <strong>formation<\/strong> (former le client \u00e0 l&rsquo;outil qu&rsquo;il a command\u00e9 ou \u00e0 une technologie ou langage dont il a besoin&#8230;) et mon profil est complet.<\/p>\n<\/div>\n\t\t<\/div><div id=\"panel-w5fbd340f3f23e-2-0-1\" class=\"so-panel widget widget_text panel-last-child\" data-index=\"3\" ><div class=\"flash_inherit_color panel-widget-style panel-widget-style-for-w5fbd340f3f23e-2-0-1\" ><h3 class=\"widget-title\">Quelques d\u00e9finitions<\/h3>\t\t\t<div class=\"textwidget\"><ul>\n<li><strong>Site web :<\/strong> Un site web (aussi appel\u00e9 site internet par abus de langage) est un ensemble de fichiers HTML, li\u00e9s par des liens hypertextes, stock\u00e9s sur un serveur web, c&rsquo;est-\u00e0-dire un ordinateur connect\u00e9 en permanence \u00e0 internet, h\u00e9bergeant les pages web.<\/li>\n<li><strong>World Wide Web (WWW ou W 3) :<\/strong> Le World Wide Web, ou le Web, ou la Toile comme on l&rsquo;appelle au Qu\u00e9bec, est une interface (un point de connexion entre deux syst\u00e8mes permettant l&rsquo;\u00e9change d&rsquo;informations) fr\u00e9quemment utilis\u00e9e sur le r\u00e9seau Internet, qui lui doit son essor. C&rsquo;est en effet le r\u00e9seau d&rsquo;information le plus connu du grand public et le plus fr\u00e9quent\u00e9 ; il se caract\u00e9rise par une navigation hypertextuelle, des contenus multim\u00e9dia gratuits et accessibles \u00e0 tous.<\/li>\n<\/ul>\n<\/div>\n\t\t<\/div><\/div><\/div><\/div><\/div><\/div><\/div><\/div><\/div>","protected":false},"excerpt":{"rendered":"","protected":false},"author":2,"featured_media":828,"parent":0,"menu_order":0,"comment_status":"closed","ping_status":"closed","template":"","meta":{"footnotes":""},"class_list":["post-47","page","type-page","status-publish","has-post-thumbnail","hentry"],"yoast_head":"<!-- This site is optimized with the Yoast SEO plugin v27.4 - https:\/\/yoast.com\/product\/yoast-seo-wordpress\/ -->\n<title>Comp\u00e9tences - Trashou.com<\/title>\n<meta name=\"description\" content=\"Voici l&#039;\u00e9tendue de mes comp\u00e9tences web : int\u00e9grateur HTML\/CSS, d\u00e9veloppeur PHP\/JQuery\/MySQL, r\u00e9f\u00e9renceur, community manager, chef de projet, UX\/UI design\" \/>\n<meta name=\"robots\" content=\"index, follow, max-snippet:-1, max-image-preview:large, max-video-preview:-1\" \/>\n<link rel=\"canonical\" href=\"https:\/\/trashou.com\/index.php\/competences\/\" \/>\n<meta property=\"og:locale\" content=\"fr_FR\" \/>\n<meta property=\"og:type\" content=\"article\" \/>\n<meta property=\"og:title\" content=\"Comp\u00e9tences - Trashou.com\" \/>\n<meta property=\"og:description\" content=\"Voici l&#039;\u00e9tendue de mes comp\u00e9tences web : int\u00e9grateur HTML\/CSS, d\u00e9veloppeur PHP\/JQuery\/MySQL, r\u00e9f\u00e9renceur, community manager, chef de projet, UX\/UI design\" \/>\n<meta property=\"og:url\" content=\"https:\/\/trashou.com\/index.php\/competences\/\" \/>\n<meta property=\"og:site_name\" content=\"Trashou.com\" \/>\n<meta property=\"article:publisher\" content=\"https:\/\/www.facebook.com\/Trashoucom\" \/>\n<meta property=\"article:modified_time\" content=\"2025-08-26T07:24:37+00:00\" \/>\n<meta property=\"og:image\" content=\"https:\/\/trashou.com\/wp-content\/uploads\/2019\/08\/digital-dreams-1155914-1.jpg\" \/>\n\t<meta property=\"og:image:width\" content=\"4000\" \/>\n\t<meta property=\"og:image:height\" content=\"3000\" \/>\n\t<meta property=\"og:image:type\" content=\"image\/jpeg\" \/>\n<meta name=\"twitter:card\" content=\"summary_large_image\" \/>\n<meta name=\"twitter:label1\" content=\"Dur\u00e9e de lecture estim\u00e9e\" \/>\n\t<meta name=\"twitter:data1\" content=\"3 minutes\" \/>\n<script type=\"application\/ld+json\" class=\"yoast-schema-graph\">{\"@context\":\"https:\\\/\\\/schema.org\",\"@graph\":[{\"@type\":\"WebPage\",\"@id\":\"https:\\\/\\\/trashou.com\\\/index.php\\\/competences\\\/\",\"url\":\"https:\\\/\\\/trashou.com\\\/index.php\\\/competences\\\/\",\"name\":\"Comp\u00e9tences - Trashou.com\",\"isPartOf\":{\"@id\":\"https:\\\/\\\/trashou.com\\\/#website\"},\"primaryImageOfPage\":{\"@id\":\"https:\\\/\\\/trashou.com\\\/index.php\\\/competences\\\/#primaryimage\"},\"image\":{\"@id\":\"https:\\\/\\\/trashou.com\\\/index.php\\\/competences\\\/#primaryimage\"},\"thumbnailUrl\":\"https:\\\/\\\/trashou.com\\\/wp-content\\\/uploads\\\/2019\\\/08\\\/digital-dreams-1155914-1.jpg\",\"datePublished\":\"2019-08-13T15:04:17+00:00\",\"dateModified\":\"2025-08-26T07:24:37+00:00\",\"description\":\"Voici l'\u00e9tendue de mes comp\u00e9tences web : int\u00e9grateur HTML\\\/CSS, d\u00e9veloppeur PHP\\\/JQuery\\\/MySQL, r\u00e9f\u00e9renceur, community manager, chef de projet, UX\\\/UI design\",\"breadcrumb\":{\"@id\":\"https:\\\/\\\/trashou.com\\\/index.php\\\/competences\\\/#breadcrumb\"},\"inLanguage\":\"fr-FR\",\"potentialAction\":[{\"@type\":\"ReadAction\",\"target\":[\"https:\\\/\\\/trashou.com\\\/index.php\\\/competences\\\/\"]}]},{\"@type\":\"ImageObject\",\"inLanguage\":\"fr-FR\",\"@id\":\"https:\\\/\\\/trashou.com\\\/index.php\\\/competences\\\/#primaryimage\",\"url\":\"https:\\\/\\\/trashou.com\\\/wp-content\\\/uploads\\\/2019\\\/08\\\/digital-dreams-1155914-1.jpg\",\"contentUrl\":\"https:\\\/\\\/trashou.com\\\/wp-content\\\/uploads\\\/2019\\\/08\\\/digital-dreams-1155914-1.jpg\",\"width\":4000,\"height\":3000},{\"@type\":\"BreadcrumbList\",\"@id\":\"https:\\\/\\\/trashou.com\\\/index.php\\\/competences\\\/#breadcrumb\",\"itemListElement\":[{\"@type\":\"ListItem\",\"position\":1,\"name\":\"Accueil\",\"item\":\"https:\\\/\\\/trashou.com\\\/\"},{\"@type\":\"ListItem\",\"position\":2,\"name\":\"Comp\u00e9tences\"}]},{\"@type\":\"WebSite\",\"@id\":\"https:\\\/\\\/trashou.com\\\/#website\",\"url\":\"https:\\\/\\\/trashou.com\\\/\",\"name\":\"Trashou.com\",\"description\":\"Mettez au panier vos anciennes id\u00e9es sur internet !\",\"publisher\":{\"@id\":\"https:\\\/\\\/trashou.com\\\/#organization\"},\"potentialAction\":[{\"@type\":\"SearchAction\",\"target\":{\"@type\":\"EntryPoint\",\"urlTemplate\":\"https:\\\/\\\/trashou.com\\\/?s={search_term_string}\"},\"query-input\":{\"@type\":\"PropertyValueSpecification\",\"valueRequired\":true,\"valueName\":\"search_term_string\"}}],\"inLanguage\":\"fr-FR\"},{\"@type\":\"Organization\",\"@id\":\"https:\\\/\\\/trashou.com\\\/#organization\",\"name\":\"Trashou.com\",\"url\":\"https:\\\/\\\/trashou.com\\\/\",\"logo\":{\"@type\":\"ImageObject\",\"inLanguage\":\"fr-FR\",\"@id\":\"https:\\\/\\\/trashou.com\\\/#\\\/schema\\\/logo\\\/image\\\/\",\"url\":\"https:\\\/\\\/trashou.com\\\/wp-content\\\/uploads\\\/2019\\\/11\\\/Logo_trashou.png\",\"contentUrl\":\"https:\\\/\\\/trashou.com\\\/wp-content\\\/uploads\\\/2019\\\/11\\\/Logo_trashou.png\",\"width\":150,\"height\":26,\"caption\":\"Trashou.com\"},\"image\":{\"@id\":\"https:\\\/\\\/trashou.com\\\/#\\\/schema\\\/logo\\\/image\\\/\"},\"sameAs\":[\"https:\\\/\\\/www.facebook.com\\\/Trashoucom\",\"https:\\\/\\\/www.linkedin.com\\\/company\\\/trashou.com\\\/\"]}]}<\/script>\n<!-- \/ Yoast SEO plugin. -->","yoast_head_json":{"title":"Comp\u00e9tences - Trashou.com","description":"Voici l'\u00e9tendue de mes comp\u00e9tences web : int\u00e9grateur HTML\/CSS, d\u00e9veloppeur PHP\/JQuery\/MySQL, r\u00e9f\u00e9renceur, community manager, chef de projet, UX\/UI design","robots":{"index":"index","follow":"follow","max-snippet":"max-snippet:-1","max-image-preview":"max-image-preview:large","max-video-preview":"max-video-preview:-1"},"canonical":"https:\/\/trashou.com\/index.php\/competences\/","og_locale":"fr_FR","og_type":"article","og_title":"Comp\u00e9tences - Trashou.com","og_description":"Voici l'\u00e9tendue de mes comp\u00e9tences web : int\u00e9grateur HTML\/CSS, d\u00e9veloppeur PHP\/JQuery\/MySQL, r\u00e9f\u00e9renceur, community manager, chef de projet, UX\/UI design","og_url":"https:\/\/trashou.com\/index.php\/competences\/","og_site_name":"Trashou.com","article_publisher":"https:\/\/www.facebook.com\/Trashoucom","article_modified_time":"2025-08-26T07:24:37+00:00","og_image":[{"width":4000,"height":3000,"url":"https:\/\/trashou.com\/wp-content\/uploads\/2019\/08\/digital-dreams-1155914-1.jpg","type":"image\/jpeg"}],"twitter_card":"summary_large_image","twitter_misc":{"Dur\u00e9e de lecture estim\u00e9e":"3 minutes"},"schema":{"@context":"https:\/\/schema.org","@graph":[{"@type":"WebPage","@id":"https:\/\/trashou.com\/index.php\/competences\/","url":"https:\/\/trashou.com\/index.php\/competences\/","name":"Comp\u00e9tences - Trashou.com","isPartOf":{"@id":"https:\/\/trashou.com\/#website"},"primaryImageOfPage":{"@id":"https:\/\/trashou.com\/index.php\/competences\/#primaryimage"},"image":{"@id":"https:\/\/trashou.com\/index.php\/competences\/#primaryimage"},"thumbnailUrl":"https:\/\/trashou.com\/wp-content\/uploads\/2019\/08\/digital-dreams-1155914-1.jpg","datePublished":"2019-08-13T15:04:17+00:00","dateModified":"2025-08-26T07:24:37+00:00","description":"Voici l'\u00e9tendue de mes comp\u00e9tences web : int\u00e9grateur HTML\/CSS, d\u00e9veloppeur PHP\/JQuery\/MySQL, r\u00e9f\u00e9renceur, community manager, chef de projet, UX\/UI design","breadcrumb":{"@id":"https:\/\/trashou.com\/index.php\/competences\/#breadcrumb"},"inLanguage":"fr-FR","potentialAction":[{"@type":"ReadAction","target":["https:\/\/trashou.com\/index.php\/competences\/"]}]},{"@type":"ImageObject","inLanguage":"fr-FR","@id":"https:\/\/trashou.com\/index.php\/competences\/#primaryimage","url":"https:\/\/trashou.com\/wp-content\/uploads\/2019\/08\/digital-dreams-1155914-1.jpg","contentUrl":"https:\/\/trashou.com\/wp-content\/uploads\/2019\/08\/digital-dreams-1155914-1.jpg","width":4000,"height":3000},{"@type":"BreadcrumbList","@id":"https:\/\/trashou.com\/index.php\/competences\/#breadcrumb","itemListElement":[{"@type":"ListItem","position":1,"name":"Accueil","item":"https:\/\/trashou.com\/"},{"@type":"ListItem","position":2,"name":"Comp\u00e9tences"}]},{"@type":"WebSite","@id":"https:\/\/trashou.com\/#website","url":"https:\/\/trashou.com\/","name":"Trashou.com","description":"Mettez au panier vos anciennes id\u00e9es sur internet !","publisher":{"@id":"https:\/\/trashou.com\/#organization"},"potentialAction":[{"@type":"SearchAction","target":{"@type":"EntryPoint","urlTemplate":"https:\/\/trashou.com\/?s={search_term_string}"},"query-input":{"@type":"PropertyValueSpecification","valueRequired":true,"valueName":"search_term_string"}}],"inLanguage":"fr-FR"},{"@type":"Organization","@id":"https:\/\/trashou.com\/#organization","name":"Trashou.com","url":"https:\/\/trashou.com\/","logo":{"@type":"ImageObject","inLanguage":"fr-FR","@id":"https:\/\/trashou.com\/#\/schema\/logo\/image\/","url":"https:\/\/trashou.com\/wp-content\/uploads\/2019\/11\/Logo_trashou.png","contentUrl":"https:\/\/trashou.com\/wp-content\/uploads\/2019\/11\/Logo_trashou.png","width":150,"height":26,"caption":"Trashou.com"},"image":{"@id":"https:\/\/trashou.com\/#\/schema\/logo\/image\/"},"sameAs":["https:\/\/www.facebook.com\/Trashoucom","https:\/\/www.linkedin.com\/company\/trashou.com\/"]}]}},"_links":{"self":[{"href":"https:\/\/trashou.com\/index.php\/wp-json\/wp\/v2\/pages\/47","targetHints":{"allow":["GET"]}}],"collection":[{"href":"https:\/\/trashou.com\/index.php\/wp-json\/wp\/v2\/pages"}],"about":[{"href":"https:\/\/trashou.com\/index.php\/wp-json\/wp\/v2\/types\/page"}],"author":[{"embeddable":true,"href":"https:\/\/trashou.com\/index.php\/wp-json\/wp\/v2\/users\/2"}],"replies":[{"embeddable":true,"href":"https:\/\/trashou.com\/index.php\/wp-json\/wp\/v2\/comments?post=47"}],"version-history":[{"count":22,"href":"https:\/\/trashou.com\/index.php\/wp-json\/wp\/v2\/pages\/47\/revisions"}],"predecessor-version":[{"id":3753,"href":"https:\/\/trashou.com\/index.php\/wp-json\/wp\/v2\/pages\/47\/revisions\/3753"}],"wp:featuredmedia":[{"embeddable":true,"href":"https:\/\/trashou.com\/index.php\/wp-json\/wp\/v2\/media\/828"}],"wp:attachment":[{"href":"https:\/\/trashou.com\/index.php\/wp-json\/wp\/v2\/media?parent=47"}],"curies":[{"name":"wp","href":"https:\/\/api.w.org\/{rel}","templated":true}]}}