{"id":1808,"date":"2020-11-24T17:20:34","date_gmt":"2020-11-24T16:20:34","guid":{"rendered":"http:\/\/trashou.com\/?page_id=1808"},"modified":"2020-11-24T17:20:37","modified_gmt":"2020-11-24T16:20:37","slug":"competences-ux-design","status":"publish","type":"page","link":"https:\/\/trashou.com\/index.php\/competences\/competences-ux-design\/","title":{"rendered":"Comp\u00e9tences : UX Design"},"content":{"rendered":"<div id=\"pl-gb1808-69e75d8b1ad49\"  class=\"panel-layout\" ><div id=\"pg-gb1808-69e75d8b1ad49-0\"  class=\"panel-grid panel-no-style\" ><div id=\"pgc-gb1808-69e75d8b1ad49-0-0\"  class=\"panel-grid-cell\" ><div id=\"panel-gb1808-69e75d8b1ad49-0-0-0\" class=\"so-panel widget widget_media_image panel-first-child panel-last-child\" data-index=\"0\" ><img loading=\"lazy\" decoding=\"async\" width=\"1920\" height=\"700\" src=\"https:\/\/trashou.com\/wp-content\/uploads\/2019\/09\/digital-dreams-1920x700.jpg\" class=\"image wp-image-1000  attachment-full size-full\" alt=\"\" style=\"max-width: 100%; height: auto;\" srcset=\"https:\/\/trashou.com\/wp-content\/uploads\/2019\/09\/digital-dreams-1920x700.jpg 1920w, https:\/\/trashou.com\/wp-content\/uploads\/2019\/09\/digital-dreams-1920x700-300x109.jpg 300w, https:\/\/trashou.com\/wp-content\/uploads\/2019\/09\/digital-dreams-1920x700-768x280.jpg 768w, https:\/\/trashou.com\/wp-content\/uploads\/2019\/09\/digital-dreams-1920x700-1024x373.jpg 1024w\" sizes=\"auto, (max-width: 1920px) 100vw, 1920px\" \/><\/div><\/div><\/div><div id=\"pg-gb1808-69e75d8b1ad49-1\"  class=\"panel-grid panel-no-style\" ><div id=\"pgc-gb1808-69e75d8b1ad49-1-0\"  class=\"panel-grid-cell\" ><div id=\"panel-gb1808-69e75d8b1ad49-1-0-0\" class=\"so-panel widget widget_siteorigin-panels-builder panel-first-child panel-last-child\" data-index=\"1\" ><div id=\"pl-w5fbd32c8ef1b5\"  class=\"panel-layout\" ><div id=\"pg-w5fbd32c8ef1b5-0\"  class=\"panel-grid panel-no-style\" ><div id=\"pgc-w5fbd32c8ef1b5-0-0\"  class=\"panel-grid-cell\" ><div id=\"panel-w5fbd32c8ef1b5-0-0-0\" class=\"so-panel widget widget_text panel-first-child panel-last-child\" data-index=\"0\" >\t\t\t<div class=\"textwidget\"><p><strong>L&rsquo;exp\u00e9rience client<\/strong> est essentielle pour un site internet. C&rsquo;est elle qui d\u00e9terminera si vos visiteurs souhaitent <strong>visiter en profondeur votre site<\/strong> ou si <strong>ils pr\u00e9f\u00e8reront le zapper<\/strong>.<\/p>\n<p>L&rsquo;<strong>UX Design<\/strong> permet de <strong>fabriquer<\/strong>, en amont de la cr\u00e9ation d&rsquo;un site, <strong>tout le parcours qu&rsquo;un client doit franchir<\/strong> pour <strong>transformer sa visite<\/strong> en prise de rendez-vous ou en une commande par exemple.<br \/>\nIl appartient donc aux concepteurs de site internet de r\u00e9fl\u00e9chir avec leurs clients \u00e0 <strong>la fa\u00e7on d&rsquo;amener les choses de la mani\u00e8re la plus naturelle possible<\/strong> afin d&rsquo;obtenir cette fameuse transformation.<\/p>\n<\/div>\n\t\t<\/div><\/div><\/div><div id=\"pg-w5fbd32c8ef1b5-1\"  class=\"panel-grid panel-no-style\" ><div id=\"pgc-w5fbd32c8ef1b5-1-0\"  class=\"panel-grid-cell\" ><div id=\"panel-w5fbd32c8ef1b5-1-0-0\" class=\"so-panel widget widget_text panel-first-child panel-last-child\" data-index=\"1\" >\t\t\t<div class=\"textwidget\"><p>L&rsquo;<strong>UX designer<\/strong> va donc commencer \u00e0 pr\u00e9parer un <strong>parcours client<\/strong> type qu&rsquo;il ajustera avec <strong>les sp\u00e9cificit\u00e9s de son client<\/strong>. Cette analyse permet de d\u00e9terminer le <strong>chemin optimum<\/strong> qu&rsquo;un visiteur doit parcourir en <strong>un minimum de clics<\/strong>.<\/p>\n<\/div>\n\t\t<\/div><\/div><div id=\"pgc-w5fbd32c8ef1b5-1-1\"  class=\"panel-grid-cell\" ><div id=\"panel-w5fbd32c8ef1b5-1-1-0\" class=\"so-panel widget widget_media_image panel-first-child panel-last-child\" data-index=\"2\" ><img loading=\"lazy\" decoding=\"async\" width=\"150\" height=\"150\" src=\"https:\/\/trashou.com\/wp-content\/uploads\/2020\/11\/uxdesign-150x150.jpg\" class=\"image wp-image-1811  attachment-thumbnail size-thumbnail\" alt=\"\" style=\"max-width: 100%; height: auto;\" srcset=\"https:\/\/trashou.com\/wp-content\/uploads\/2020\/11\/uxdesign-150x150.jpg 150w, https:\/\/trashou.com\/wp-content\/uploads\/2020\/11\/uxdesign-300x300.jpg 300w\" sizes=\"auto, (max-width: 150px) 100vw, 150px\" \/><\/div><\/div><\/div><div id=\"pg-w5fbd32c8ef1b5-2\"  class=\"panel-grid panel-no-style\" ><div id=\"pgc-w5fbd32c8ef1b5-2-0\"  class=\"panel-grid-cell\" ><div id=\"panel-w5fbd32c8ef1b5-2-0-0\" class=\"so-panel widget widget_text panel-first-child\" data-index=\"3\" >\t\t\t<div class=\"textwidget\"><p>Je suis <strong>UX designer<\/strong> sur la majorit\u00e9 de mes projets, et ce depuis toujours. J&rsquo;ai toujours eu \u00e0 coeur <strong>de me mettre \u00e0 la place d&rsquo;un client potentiel<\/strong> ; de pr\u00e9visualiser les points bloquants afin d\u2019<strong>offrir la meilleure ergonomie possible<\/strong> \u00e0 un site web.<\/p>\n<p>Le meilleur moyen d&rsquo;arriver \u00e0 trouver ce <strong>parcours optimum<\/strong> est encore de tester, de dessiner avec mon client les asphalt, de les tester, de les re-tester, de les optimiser&#8230; Une t\u00e2che qui semble ingrate mais qui <strong>peut conditionner le buisness g\u00e9n\u00e9r\u00e9 par le futur site internet<\/strong>.<\/p>\n<p>&nbsp;<\/p>\n<\/div>\n\t\t<\/div><div id=\"panel-w5fbd32c8ef1b5-2-0-1\" class=\"so-panel widget widget_text panel-last-child\" data-index=\"4\" ><div class=\"flash_inherit_color panel-widget-style panel-widget-style-for-w5fbd32c8ef1b5-2-0-1\" ><h3 class=\"widget-title\">Quelques d\u00e9finitions<\/h3>\t\t\t<div class=\"textwidget\"><ul>\n<li><strong>UX :<\/strong> De l&rsquo;anglais \u00ab\u00a0<em>User eXperience<\/em>\u00ab\u00a0, signifiant \u00ab\u00a0exp\u00e9rience utilisateur\u00a0\u00bb. C&rsquo;est \u00e0 la fois l&rsquo;ergonomie d&rsquo;un site (disposition de la page, de sa navigation et de son contenu) et le parcours client dans son ensemble (combien d&rsquo;\u00e9tape sont n\u00e9cessaires pour arriver au but, \u00e0 la transformation)<\/li>\n<\/ul>\n<\/div>\n\t\t<\/div><\/div><\/div><\/div><\/div><\/div><\/div><\/div><\/div>\n\n\n<p><\/p>\n","protected":false},"excerpt":{"rendered":"","protected":false},"author":3,"featured_media":0,"parent":47,"menu_order":0,"comment_status":"closed","ping_status":"closed","template":"","meta":{"footnotes":""},"class_list":["post-1808","page","type-page","status-publish","hentry"],"yoast_head":"<!-- This site is optimized with the Yoast SEO plugin v27.4 - https:\/\/yoast.com\/product\/yoast-seo-wordpress\/ -->\n<title>Comp\u00e9tences : UX Design - Trashou.com<\/title>\n<meta name=\"robots\" content=\"index, follow, max-snippet:-1, max-image-preview:large, max-video-preview:-1\" \/>\n<link rel=\"canonical\" href=\"https:\/\/trashou.com\/index.php\/competences\/competences-ux-design\/\" \/>\n<meta property=\"og:locale\" content=\"fr_FR\" \/>\n<meta property=\"og:type\" content=\"article\" \/>\n<meta property=\"og:title\" content=\"Comp\u00e9tences : UX Design - Trashou.com\" \/>\n<meta property=\"og:url\" content=\"https:\/\/trashou.com\/index.php\/competences\/competences-ux-design\/\" \/>\n<meta property=\"og:site_name\" content=\"Trashou.com\" \/>\n<meta property=\"article:publisher\" content=\"https:\/\/www.facebook.com\/Trashoucom\" \/>\n<meta property=\"article:modified_time\" content=\"2020-11-24T16:20:37+00:00\" \/>\n<meta property=\"og:image\" content=\"http:\/\/trashou.com\/wp-content\/uploads\/2019\/09\/digital-dreams-1920x700.jpg\" \/>\n<meta name=\"twitter:card\" content=\"summary_large_image\" \/>\n<meta name=\"twitter:label1\" content=\"Dur\u00e9e de lecture estim\u00e9e\" \/>\n\t<meta name=\"twitter:data1\" content=\"1 minute\" \/>\n<script type=\"application\/ld+json\" class=\"yoast-schema-graph\">{\"@context\":\"https:\\\/\\\/schema.org\",\"@graph\":[{\"@type\":\"WebPage\",\"@id\":\"https:\\\/\\\/trashou.com\\\/index.php\\\/competences\\\/competences-ux-design\\\/\",\"url\":\"https:\\\/\\\/trashou.com\\\/index.php\\\/competences\\\/competences-ux-design\\\/\",\"name\":\"Comp\u00e9tences : UX Design - Trashou.com\",\"isPartOf\":{\"@id\":\"https:\\\/\\\/trashou.com\\\/#website\"},\"primaryImageOfPage\":{\"@id\":\"https:\\\/\\\/trashou.com\\\/index.php\\\/competences\\\/competences-ux-design\\\/#primaryimage\"},\"image\":{\"@id\":\"https:\\\/\\\/trashou.com\\\/index.php\\\/competences\\\/competences-ux-design\\\/#primaryimage\"},\"thumbnailUrl\":\"http:\\\/\\\/trashou.com\\\/wp-content\\\/uploads\\\/2019\\\/09\\\/digital-dreams-1920x700.jpg\",\"datePublished\":\"2020-11-24T16:20:34+00:00\",\"dateModified\":\"2020-11-24T16:20:37+00:00\",\"breadcrumb\":{\"@id\":\"https:\\\/\\\/trashou.com\\\/index.php\\\/competences\\\/competences-ux-design\\\/#breadcrumb\"},\"inLanguage\":\"fr-FR\",\"potentialAction\":[{\"@type\":\"ReadAction\",\"target\":[\"https:\\\/\\\/trashou.com\\\/index.php\\\/competences\\\/competences-ux-design\\\/\"]}]},{\"@type\":\"ImageObject\",\"inLanguage\":\"fr-FR\",\"@id\":\"https:\\\/\\\/trashou.com\\\/index.php\\\/competences\\\/competences-ux-design\\\/#primaryimage\",\"url\":\"http:\\\/\\\/trashou.com\\\/wp-content\\\/uploads\\\/2019\\\/09\\\/digital-dreams-1920x700.jpg\",\"contentUrl\":\"http:\\\/\\\/trashou.com\\\/wp-content\\\/uploads\\\/2019\\\/09\\\/digital-dreams-1920x700.jpg\"},{\"@type\":\"BreadcrumbList\",\"@id\":\"https:\\\/\\\/trashou.com\\\/index.php\\\/competences\\\/competences-ux-design\\\/#breadcrumb\",\"itemListElement\":[{\"@type\":\"ListItem\",\"position\":1,\"name\":\"Accueil\",\"item\":\"https:\\\/\\\/trashou.com\\\/\"},{\"@type\":\"ListItem\",\"position\":2,\"name\":\"Comp\u00e9tences\",\"item\":\"https:\\\/\\\/trashou.com\\\/index.php\\\/competences\\\/\"},{\"@type\":\"ListItem\",\"position\":3,\"name\":\"Comp\u00e9tences : UX Design\"}]},{\"@type\":\"WebSite\",\"@id\":\"https:\\\/\\\/trashou.com\\\/#website\",\"url\":\"https:\\\/\\\/trashou.com\\\/\",\"name\":\"Trashou.com\",\"description\":\"Mettez au panier vos anciennes id\u00e9es sur internet !\",\"publisher\":{\"@id\":\"https:\\\/\\\/trashou.com\\\/#organization\"},\"potentialAction\":[{\"@type\":\"SearchAction\",\"target\":{\"@type\":\"EntryPoint\",\"urlTemplate\":\"https:\\\/\\\/trashou.com\\\/?s={search_term_string}\"},\"query-input\":{\"@type\":\"PropertyValueSpecification\",\"valueRequired\":true,\"valueName\":\"search_term_string\"}}],\"inLanguage\":\"fr-FR\"},{\"@type\":\"Organization\",\"@id\":\"https:\\\/\\\/trashou.com\\\/#organization\",\"name\":\"Trashou.com\",\"url\":\"https:\\\/\\\/trashou.com\\\/\",\"logo\":{\"@type\":\"ImageObject\",\"inLanguage\":\"fr-FR\",\"@id\":\"https:\\\/\\\/trashou.com\\\/#\\\/schema\\\/logo\\\/image\\\/\",\"url\":\"https:\\\/\\\/trashou.com\\\/wp-content\\\/uploads\\\/2019\\\/11\\\/Logo_trashou.png\",\"contentUrl\":\"https:\\\/\\\/trashou.com\\\/wp-content\\\/uploads\\\/2019\\\/11\\\/Logo_trashou.png\",\"width\":150,\"height\":26,\"caption\":\"Trashou.com\"},\"image\":{\"@id\":\"https:\\\/\\\/trashou.com\\\/#\\\/schema\\\/logo\\\/image\\\/\"},\"sameAs\":[\"https:\\\/\\\/www.facebook.com\\\/Trashoucom\",\"https:\\\/\\\/www.linkedin.com\\\/company\\\/trashou.com\\\/\"]}]}<\/script>\n<!-- \/ Yoast SEO plugin. -->","yoast_head_json":{"title":"Comp\u00e9tences : UX Design - Trashou.com","robots":{"index":"index","follow":"follow","max-snippet":"max-snippet:-1","max-image-preview":"max-image-preview:large","max-video-preview":"max-video-preview:-1"},"canonical":"https:\/\/trashou.com\/index.php\/competences\/competences-ux-design\/","og_locale":"fr_FR","og_type":"article","og_title":"Comp\u00e9tences : UX Design - Trashou.com","og_url":"https:\/\/trashou.com\/index.php\/competences\/competences-ux-design\/","og_site_name":"Trashou.com","article_publisher":"https:\/\/www.facebook.com\/Trashoucom","article_modified_time":"2020-11-24T16:20:37+00:00","og_image":[{"url":"http:\/\/trashou.com\/wp-content\/uploads\/2019\/09\/digital-dreams-1920x700.jpg","type":"","width":"","height":""}],"twitter_card":"summary_large_image","twitter_misc":{"Dur\u00e9e de lecture estim\u00e9e":"1 minute"},"schema":{"@context":"https:\/\/schema.org","@graph":[{"@type":"WebPage","@id":"https:\/\/trashou.com\/index.php\/competences\/competences-ux-design\/","url":"https:\/\/trashou.com\/index.php\/competences\/competences-ux-design\/","name":"Comp\u00e9tences : UX Design - Trashou.com","isPartOf":{"@id":"https:\/\/trashou.com\/#website"},"primaryImageOfPage":{"@id":"https:\/\/trashou.com\/index.php\/competences\/competences-ux-design\/#primaryimage"},"image":{"@id":"https:\/\/trashou.com\/index.php\/competences\/competences-ux-design\/#primaryimage"},"thumbnailUrl":"http:\/\/trashou.com\/wp-content\/uploads\/2019\/09\/digital-dreams-1920x700.jpg","datePublished":"2020-11-24T16:20:34+00:00","dateModified":"2020-11-24T16:20:37+00:00","breadcrumb":{"@id":"https:\/\/trashou.com\/index.php\/competences\/competences-ux-design\/#breadcrumb"},"inLanguage":"fr-FR","potentialAction":[{"@type":"ReadAction","target":["https:\/\/trashou.com\/index.php\/competences\/competences-ux-design\/"]}]},{"@type":"ImageObject","inLanguage":"fr-FR","@id":"https:\/\/trashou.com\/index.php\/competences\/competences-ux-design\/#primaryimage","url":"http:\/\/trashou.com\/wp-content\/uploads\/2019\/09\/digital-dreams-1920x700.jpg","contentUrl":"http:\/\/trashou.com\/wp-content\/uploads\/2019\/09\/digital-dreams-1920x700.jpg"},{"@type":"BreadcrumbList","@id":"https:\/\/trashou.com\/index.php\/competences\/competences-ux-design\/#breadcrumb","itemListElement":[{"@type":"ListItem","position":1,"name":"Accueil","item":"https:\/\/trashou.com\/"},{"@type":"ListItem","position":2,"name":"Comp\u00e9tences","item":"https:\/\/trashou.com\/index.php\/competences\/"},{"@type":"ListItem","position":3,"name":"Comp\u00e9tences : UX Design"}]},{"@type":"WebSite","@id":"https:\/\/trashou.com\/#website","url":"https:\/\/trashou.com\/","name":"Trashou.com","description":"Mettez au panier vos anciennes id\u00e9es sur internet !","publisher":{"@id":"https:\/\/trashou.com\/#organization"},"potentialAction":[{"@type":"SearchAction","target":{"@type":"EntryPoint","urlTemplate":"https:\/\/trashou.com\/?s={search_term_string}"},"query-input":{"@type":"PropertyValueSpecification","valueRequired":true,"valueName":"search_term_string"}}],"inLanguage":"fr-FR"},{"@type":"Organization","@id":"https:\/\/trashou.com\/#organization","name":"Trashou.com","url":"https:\/\/trashou.com\/","logo":{"@type":"ImageObject","inLanguage":"fr-FR","@id":"https:\/\/trashou.com\/#\/schema\/logo\/image\/","url":"https:\/\/trashou.com\/wp-content\/uploads\/2019\/11\/Logo_trashou.png","contentUrl":"https:\/\/trashou.com\/wp-content\/uploads\/2019\/11\/Logo_trashou.png","width":150,"height":26,"caption":"Trashou.com"},"image":{"@id":"https:\/\/trashou.com\/#\/schema\/logo\/image\/"},"sameAs":["https:\/\/www.facebook.com\/Trashoucom","https:\/\/www.linkedin.com\/company\/trashou.com\/"]}]}},"_links":{"self":[{"href":"https:\/\/trashou.com\/index.php\/wp-json\/wp\/v2\/pages\/1808","targetHints":{"allow":["GET"]}}],"collection":[{"href":"https:\/\/trashou.com\/index.php\/wp-json\/wp\/v2\/pages"}],"about":[{"href":"https:\/\/trashou.com\/index.php\/wp-json\/wp\/v2\/types\/page"}],"author":[{"embeddable":true,"href":"https:\/\/trashou.com\/index.php\/wp-json\/wp\/v2\/users\/3"}],"replies":[{"embeddable":true,"href":"https:\/\/trashou.com\/index.php\/wp-json\/wp\/v2\/comments?post=1808"}],"version-history":[{"count":1,"href":"https:\/\/trashou.com\/index.php\/wp-json\/wp\/v2\/pages\/1808\/revisions"}],"predecessor-version":[{"id":1812,"href":"https:\/\/trashou.com\/index.php\/wp-json\/wp\/v2\/pages\/1808\/revisions\/1812"}],"up":[{"embeddable":true,"href":"https:\/\/trashou.com\/index.php\/wp-json\/wp\/v2\/pages\/47"}],"wp:attachment":[{"href":"https:\/\/trashou.com\/index.php\/wp-json\/wp\/v2\/media?parent=1808"}],"curies":[{"name":"wp","href":"https:\/\/api.w.org\/{rel}","templated":true}]}}