{"id":1567,"date":"2023-06-02T15:50:55","date_gmt":"2023-06-02T13:50:55","guid":{"rendered":"http:\/\/trashou.com\/?page_id=1567"},"modified":"2025-08-26T09:14:58","modified_gmt":"2025-08-26T07:14:58","slug":"a-propos-de-moi","status":"publish","type":"page","link":"https:\/\/trashou.com\/index.php\/a-propos-de-moi\/","title":{"rendered":"A propos de moi"},"content":{"rendered":"<div class=\"wp-block-image\">\n<figure class=\"alignright size-large is-resized\"><img loading=\"lazy\" decoding=\"async\" src=\"https:\/\/trashou.com\/wp-content\/uploads\/2020\/04\/P1100738NB-768x1024.jpg\" alt=\"Fabien Laroche - Trashou.com\" class=\"wp-image-1568\" width=\"148\" height=\"198\" srcset=\"https:\/\/trashou.com\/wp-content\/uploads\/2020\/04\/P1100738NB-768x1024.jpg 768w, https:\/\/trashou.com\/wp-content\/uploads\/2020\/04\/P1100738NB-225x300.jpg 225w, https:\/\/trashou.com\/wp-content\/uploads\/2020\/04\/P1100738NB-1152x1536.jpg 1152w, https:\/\/trashou.com\/wp-content\/uploads\/2020\/04\/P1100738NB-1536x2048.jpg 1536w, https:\/\/trashou.com\/wp-content\/uploads\/2020\/04\/P1100738NB-scaled.jpg 1920w\" sizes=\"auto, (max-width: 148px) 100vw, 148px\" \/><\/figure>\n<\/div>\n\n\n<p>Passionn\u00e9 de sports de glisse (ski, snowboard, VTT freeride et Stand Up Paddle), p\u00e8re de famille, <strong>j&rsquo;aime transmettre mes passions aux autres.<\/strong><\/p>\n\n\n\n<p><strong>Patient et p\u00e9dagogue<\/strong>, <strong>je vous accompagne -pas \u00e0 pas-<\/strong> dans votre transformation digitale avec des prestations personnalis\u00e9es et adapt\u00e9e.<br><strong>Personnalis\u00e9e ?<\/strong> Oui, inutile de vous fourguer la m\u00eame chose qu&rsquo;\u00e0 un autre client qui n&rsquo;est pas dans le m\u00eame secteur d&rsquo;activit\u00e9 ou avec les m\u00eames besoins.<br><strong>Adapt\u00e9e ?<\/strong> Oui, encore une fois. Pourquoi vous fournir un site digne d&rsquo;Amazon si vous vous lancez ? Progressons petit \u00e0 petit, en fonction de vos besoins et de votre budget.<\/p>\n\n\n\n<p><strong>Pr\u00e9sent dans le web depuis 1995<\/strong>, j&rsquo;ai pu assister et participer \u00e0 son \u00e9volution. J&rsquo;ai pu accompagner, <strong>depuis 2005, plus de 40 clients<\/strong> diff\u00e9rents d&rsquo;horizons vari\u00e9s, qu&rsquo;ils soient des <strong>TPME<\/strong>, des <strong>grands comptes<\/strong> ou des <strong>particuliers<\/strong>.<\/p>\n\n\n\n<p>N&rsquo;h\u00e9sitez pas \u00e0 <a href=\"https:\/\/trashou.com\/index.php\/contact\/\" data-type=\"page\" data-id=\"71\">me contacter<\/a> pour toute question vis \u00e0 vis de projet !<\/p>\n\n\n","protected":false},"excerpt":{"rendered":"<p>Passionn\u00e9 de sports de glisse (ski, snowboard, VTT freeride et Stand Up Paddle), p\u00e8re de famille, j&rsquo;aime transmettre mes passions [&hellip;]<\/p>\n","protected":false},"author":3,"featured_media":0,"parent":0,"menu_order":0,"comment_status":"closed","ping_status":"closed","template":"","meta":{"footnotes":""},"class_list":["post-1567","page","type-page","status-publish","hentry"],"yoast_head":"<!-- This site is optimized with the Yoast SEO plugin v27.4 - https:\/\/yoast.com\/product\/yoast-seo-wordpress\/ -->\n<title>A propos de moi - Trashou.com<\/title>\n<meta name=\"description\" content=\"D\u00e9couvrez mon savoir-faire de webmaster et chef de projet web pour une transformation digitale adapt\u00e9e \u00e0 vos besoins.\" \/>\n<meta name=\"robots\" content=\"index, follow, max-snippet:-1, max-image-preview:large, max-video-preview:-1\" \/>\n<link rel=\"canonical\" href=\"https:\/\/trashou.com\/index.php\/a-propos-de-moi\/\" \/>\n<meta property=\"og:locale\" content=\"fr_FR\" \/>\n<meta property=\"og:type\" content=\"article\" \/>\n<meta property=\"og:title\" content=\"A propos de moi - Trashou.com\" \/>\n<meta property=\"og:description\" content=\"D\u00e9couvrez mon savoir-faire de webmaster et chef de projet web pour une transformation digitale adapt\u00e9e \u00e0 vos besoins.\" \/>\n<meta property=\"og:url\" content=\"https:\/\/trashou.com\/index.php\/a-propos-de-moi\/\" \/>\n<meta property=\"og:site_name\" content=\"Trashou.com\" \/>\n<meta property=\"article:publisher\" content=\"https:\/\/www.facebook.com\/Trashoucom\" \/>\n<meta property=\"article:modified_time\" content=\"2025-08-26T07:14:58+00:00\" \/>\n<meta property=\"og:image\" content=\"http:\/\/trashou.com\/wp-content\/uploads\/2020\/04\/P1100738NB-768x1024.jpg\" \/>\n<meta name=\"twitter:card\" content=\"summary_large_image\" \/>\n<meta name=\"twitter:label1\" content=\"Dur\u00e9e de lecture estim\u00e9e\" \/>\n\t<meta name=\"twitter:data1\" content=\"2 minutes\" \/>\n<script type=\"application\/ld+json\" class=\"yoast-schema-graph\">{\"@context\":\"https:\\\/\\\/schema.org\",\"@graph\":[{\"@type\":\"WebPage\",\"@id\":\"https:\\\/\\\/trashou.com\\\/index.php\\\/a-propos-de-moi\\\/\",\"url\":\"https:\\\/\\\/trashou.com\\\/index.php\\\/a-propos-de-moi\\\/\",\"name\":\"A propos de moi - Trashou.com\",\"isPartOf\":{\"@id\":\"https:\\\/\\\/trashou.com\\\/#website\"},\"primaryImageOfPage\":{\"@id\":\"https:\\\/\\\/trashou.com\\\/index.php\\\/a-propos-de-moi\\\/#primaryimage\"},\"image\":{\"@id\":\"https:\\\/\\\/trashou.com\\\/index.php\\\/a-propos-de-moi\\\/#primaryimage\"},\"thumbnailUrl\":\"http:\\\/\\\/trashou.com\\\/wp-content\\\/uploads\\\/2020\\\/04\\\/P1100738NB-768x1024.jpg\",\"datePublished\":\"2023-06-02T13:50:55+00:00\",\"dateModified\":\"2025-08-26T07:14:58+00:00\",\"description\":\"D\u00e9couvrez mon savoir-faire de webmaster et chef de projet web pour une transformation digitale adapt\u00e9e \u00e0 vos besoins.\",\"breadcrumb\":{\"@id\":\"https:\\\/\\\/trashou.com\\\/index.php\\\/a-propos-de-moi\\\/#breadcrumb\"},\"inLanguage\":\"fr-FR\",\"potentialAction\":[{\"@type\":\"ReadAction\",\"target\":[\"https:\\\/\\\/trashou.com\\\/index.php\\\/a-propos-de-moi\\\/\"]}]},{\"@type\":\"ImageObject\",\"inLanguage\":\"fr-FR\",\"@id\":\"https:\\\/\\\/trashou.com\\\/index.php\\\/a-propos-de-moi\\\/#primaryimage\",\"url\":\"http:\\\/\\\/trashou.com\\\/wp-content\\\/uploads\\\/2020\\\/04\\\/P1100738NB-768x1024.jpg\",\"contentUrl\":\"http:\\\/\\\/trashou.com\\\/wp-content\\\/uploads\\\/2020\\\/04\\\/P1100738NB-768x1024.jpg\"},{\"@type\":\"BreadcrumbList\",\"@id\":\"https:\\\/\\\/trashou.com\\\/index.php\\\/a-propos-de-moi\\\/#breadcrumb\",\"itemListElement\":[{\"@type\":\"ListItem\",\"position\":1,\"name\":\"Accueil\",\"item\":\"https:\\\/\\\/trashou.com\\\/\"},{\"@type\":\"ListItem\",\"position\":2,\"name\":\"A propos de moi\"}]},{\"@type\":\"WebSite\",\"@id\":\"https:\\\/\\\/trashou.com\\\/#website\",\"url\":\"https:\\\/\\\/trashou.com\\\/\",\"name\":\"Trashou.com\",\"description\":\"Mettez au panier vos anciennes id\u00e9es sur internet !\",\"publisher\":{\"@id\":\"https:\\\/\\\/trashou.com\\\/#organization\"},\"potentialAction\":[{\"@type\":\"SearchAction\",\"target\":{\"@type\":\"EntryPoint\",\"urlTemplate\":\"https:\\\/\\\/trashou.com\\\/?s={search_term_string}\"},\"query-input\":{\"@type\":\"PropertyValueSpecification\",\"valueRequired\":true,\"valueName\":\"search_term_string\"}}],\"inLanguage\":\"fr-FR\"},{\"@type\":\"Organization\",\"@id\":\"https:\\\/\\\/trashou.com\\\/#organization\",\"name\":\"Trashou.com\",\"url\":\"https:\\\/\\\/trashou.com\\\/\",\"logo\":{\"@type\":\"ImageObject\",\"inLanguage\":\"fr-FR\",\"@id\":\"https:\\\/\\\/trashou.com\\\/#\\\/schema\\\/logo\\\/image\\\/\",\"url\":\"https:\\\/\\\/trashou.com\\\/wp-content\\\/uploads\\\/2019\\\/11\\\/Logo_trashou.png\",\"contentUrl\":\"https:\\\/\\\/trashou.com\\\/wp-content\\\/uploads\\\/2019\\\/11\\\/Logo_trashou.png\",\"width\":150,\"height\":26,\"caption\":\"Trashou.com\"},\"image\":{\"@id\":\"https:\\\/\\\/trashou.com\\\/#\\\/schema\\\/logo\\\/image\\\/\"},\"sameAs\":[\"https:\\\/\\\/www.facebook.com\\\/Trashoucom\",\"https:\\\/\\\/www.linkedin.com\\\/company\\\/trashou.com\\\/\"]}]}<\/script>\n<!-- \/ Yoast SEO plugin. -->","yoast_head_json":{"title":"A propos de moi - Trashou.com","description":"D\u00e9couvrez mon savoir-faire de webmaster et chef de projet web pour une transformation digitale adapt\u00e9e \u00e0 vos besoins.","robots":{"index":"index","follow":"follow","max-snippet":"max-snippet:-1","max-image-preview":"max-image-preview:large","max-video-preview":"max-video-preview:-1"},"canonical":"https:\/\/trashou.com\/index.php\/a-propos-de-moi\/","og_locale":"fr_FR","og_type":"article","og_title":"A propos de moi - Trashou.com","og_description":"D\u00e9couvrez mon savoir-faire de webmaster et chef de projet web pour une transformation digitale adapt\u00e9e \u00e0 vos besoins.","og_url":"https:\/\/trashou.com\/index.php\/a-propos-de-moi\/","og_site_name":"Trashou.com","article_publisher":"https:\/\/www.facebook.com\/Trashoucom","article_modified_time":"2025-08-26T07:14:58+00:00","og_image":[{"url":"http:\/\/trashou.com\/wp-content\/uploads\/2020\/04\/P1100738NB-768x1024.jpg","type":"","width":"","height":""}],"twitter_card":"summary_large_image","twitter_misc":{"Dur\u00e9e de lecture estim\u00e9e":"2 minutes"},"schema":{"@context":"https:\/\/schema.org","@graph":[{"@type":"WebPage","@id":"https:\/\/trashou.com\/index.php\/a-propos-de-moi\/","url":"https:\/\/trashou.com\/index.php\/a-propos-de-moi\/","name":"A propos de moi - Trashou.com","isPartOf":{"@id":"https:\/\/trashou.com\/#website"},"primaryImageOfPage":{"@id":"https:\/\/trashou.com\/index.php\/a-propos-de-moi\/#primaryimage"},"image":{"@id":"https:\/\/trashou.com\/index.php\/a-propos-de-moi\/#primaryimage"},"thumbnailUrl":"http:\/\/trashou.com\/wp-content\/uploads\/2020\/04\/P1100738NB-768x1024.jpg","datePublished":"2023-06-02T13:50:55+00:00","dateModified":"2025-08-26T07:14:58+00:00","description":"D\u00e9couvrez mon savoir-faire de webmaster et chef de projet web pour une transformation digitale adapt\u00e9e \u00e0 vos besoins.","breadcrumb":{"@id":"https:\/\/trashou.com\/index.php\/a-propos-de-moi\/#breadcrumb"},"inLanguage":"fr-FR","potentialAction":[{"@type":"ReadAction","target":["https:\/\/trashou.com\/index.php\/a-propos-de-moi\/"]}]},{"@type":"ImageObject","inLanguage":"fr-FR","@id":"https:\/\/trashou.com\/index.php\/a-propos-de-moi\/#primaryimage","url":"http:\/\/trashou.com\/wp-content\/uploads\/2020\/04\/P1100738NB-768x1024.jpg","contentUrl":"http:\/\/trashou.com\/wp-content\/uploads\/2020\/04\/P1100738NB-768x1024.jpg"},{"@type":"BreadcrumbList","@id":"https:\/\/trashou.com\/index.php\/a-propos-de-moi\/#breadcrumb","itemListElement":[{"@type":"ListItem","position":1,"name":"Accueil","item":"https:\/\/trashou.com\/"},{"@type":"ListItem","position":2,"name":"A propos de moi"}]},{"@type":"WebSite","@id":"https:\/\/trashou.com\/#website","url":"https:\/\/trashou.com\/","name":"Trashou.com","description":"Mettez au panier vos anciennes id\u00e9es sur internet !","publisher":{"@id":"https:\/\/trashou.com\/#organization"},"potentialAction":[{"@type":"SearchAction","target":{"@type":"EntryPoint","urlTemplate":"https:\/\/trashou.com\/?s={search_term_string}"},"query-input":{"@type":"PropertyValueSpecification","valueRequired":true,"valueName":"search_term_string"}}],"inLanguage":"fr-FR"},{"@type":"Organization","@id":"https:\/\/trashou.com\/#organization","name":"Trashou.com","url":"https:\/\/trashou.com\/","logo":{"@type":"ImageObject","inLanguage":"fr-FR","@id":"https:\/\/trashou.com\/#\/schema\/logo\/image\/","url":"https:\/\/trashou.com\/wp-content\/uploads\/2019\/11\/Logo_trashou.png","contentUrl":"https:\/\/trashou.com\/wp-content\/uploads\/2019\/11\/Logo_trashou.png","width":150,"height":26,"caption":"Trashou.com"},"image":{"@id":"https:\/\/trashou.com\/#\/schema\/logo\/image\/"},"sameAs":["https:\/\/www.facebook.com\/Trashoucom","https:\/\/www.linkedin.com\/company\/trashou.com\/"]}]}},"_links":{"self":[{"href":"https:\/\/trashou.com\/index.php\/wp-json\/wp\/v2\/pages\/1567","targetHints":{"allow":["GET"]}}],"collection":[{"href":"https:\/\/trashou.com\/index.php\/wp-json\/wp\/v2\/pages"}],"about":[{"href":"https:\/\/trashou.com\/index.php\/wp-json\/wp\/v2\/types\/page"}],"author":[{"embeddable":true,"href":"https:\/\/trashou.com\/index.php\/wp-json\/wp\/v2\/users\/3"}],"replies":[{"embeddable":true,"href":"https:\/\/trashou.com\/index.php\/wp-json\/wp\/v2\/comments?post=1567"}],"version-history":[{"count":3,"href":"https:\/\/trashou.com\/index.php\/wp-json\/wp\/v2\/pages\/1567\/revisions"}],"predecessor-version":[{"id":3417,"href":"https:\/\/trashou.com\/index.php\/wp-json\/wp\/v2\/pages\/1567\/revisions\/3417"}],"wp:attachment":[{"href":"https:\/\/trashou.com\/index.php\/wp-json\/wp\/v2\/media?parent=1567"}],"curies":[{"name":"wp","href":"https:\/\/api.w.org\/{rel}","templated":true}]}}